{"id":705,"date":"2016-04-22T00:32:38","date_gmt":"2016-04-22T00:32:38","guid":{"rendered":"http:\/\/mediterraneaseguros.com.ar\/site\/?page_id=705"},"modified":"2020-06-17T19:54:24","modified_gmt":"2020-06-17T19:54:24","slug":"art","status":"publish","type":"page","link":"http:\/\/mediterraneaseguros.com.ar\/site\/art\/","title":{"rendered":"ART"},"content":{"rendered":"<p>[vc_row][vc_column width=\u00bb5\/6&#8243;][vc_column_text]El <strong>Seguro de Cauci\u00f3n<\/strong> es un instrumento de garant\u00eda que sirve para garantizar el cumplimiento de obligaciones.<\/p>\n<p>Los <strong>Seguros de Cauci\u00f3n<\/strong> y aduana son de vital importancia para tu empresa ya que son la llave que te permitir\u00e1 la concreci\u00f3n de importantes negocios o para Vos personalmente garantizando el Alquiler de tu casa.[\/vc_column_text][vc_empty_space][vc_column_text]<\/p>\n<div class=\"frm_forms  with_frm_style frm_style_formidable-style\" id=\"frm_form_9_container\" >\n<form enctype=\"multipart\/form-data\" method=\"post\" class=\"frm-show-form \" id=\"form_7t126\"  >\n<div class=\"frm_form_fields \">\n<fieldset>\n<legend class=\"frm_hidden\">Form art<\/legend>\r\n\r\n<div class=\"frm_fields_container\">\n<input type=\"hidden\" name=\"frm_action\" value=\"create\" \/>\n<input type=\"hidden\" name=\"form_id\" value=\"9\" \/>\n<input type=\"hidden\" name=\"frm_hide_fields_9\" id=\"frm_hide_fields_9\" value=\"\" \/>\n<input type=\"hidden\" name=\"form_key\" value=\"7t126\" \/>\n<input type=\"hidden\" name=\"item_meta[0]\" value=\"\" \/>\n<input type=\"hidden\" id=\"frm_submit_entry_9\" name=\"frm_submit_entry_9\" value=\"536e651429\" \/><input type=\"hidden\" name=\"_wp_http_referer\" value=\"\/site\/wp-json\/wp\/v2\/pages\/705\" \/><div id=\"frm_field_64_container\" class=\"frm_form_field form-field  frm_top_container\">\r\n    <label for=\"field_meea4\" class=\"frm_primary_label\">Nombre y Apellido\r\n        <span class=\"frm_required\"><\/span>\r\n    <\/label>\r\n    <input type=\"text\" id=\"field_meea4\" name=\"item_meta[64]\" value=\"\"  data-invmsg=\"Nombre y Apellido no es v\u00e1lido\" aria-invalid=\"false\"  \/>\r\n    \r\n    \r\n<\/div>\n<div id=\"frm_field_65_container\" class=\"frm_form_field form-field  frm_top_container\">\r\n    <label for=\"field_a7zfl\" class=\"frm_primary_label\">Tel\u00e9fono de Contacto\r\n        <span class=\"frm_required\"><\/span>\r\n    <\/label>\r\n    <input type=\"text\" id=\"field_a7zfl\" name=\"item_meta[65]\" value=\"\"  data-invmsg=\"Tel\u00e9fono de Contacto no es v\u00e1lido\" aria-invalid=\"false\"  \/>\r\n    \r\n    \r\n<\/div>\n<div id=\"frm_field_66_container\" class=\"frm_form_field form-field  frm_required_field frm_top_container\">\r\n    <label for=\"field_jdj8\" class=\"frm_primary_label\">Direcci\u00f3n Email\r\n        <span class=\"frm_required\">*<\/span>\r\n    <\/label>\r\n    <input type=\"email\" id=\"field_jdj8\" name=\"item_meta[66]\" value=\"\"  data-reqmsg=\"Este campo no puede estar en blanco.\" aria-required=\"true\" data-invmsg=\"Direcci\u00f3n Email no es v\u00e1lido\" aria-invalid=\"false\"  \/>\r\n    \r\n    \r\n<\/div>\n<div id=\"frm_field_67_container\" class=\"frm_form_field form-field  frm_required_field frm_top_container\">\r\n    <label for=\"field_f2nhv\" class=\"frm_primary_label\">Consulta\r\n        <span class=\"frm_required\">*<\/span>\r\n    <\/label>\r\n    <textarea name=\"item_meta[67]\" id=\"field_f2nhv\" rows=\"5\"  data-reqmsg=\"Este campo no puede estar en blanco.\" aria-required=\"true\" data-invmsg=\"Consulta no es v\u00e1lido\" aria-invalid=\"false\"  ><\/textarea>\r\n    \r\n    \r\n<\/div>\n\t<input type=\"hidden\" name=\"item_key\" value=\"\" \/>\n\t<div class=\"frm_submit\">\r\n\r\n<input type=\"submit\" value=\"Enviar\"  \/>\r\n<img decoding=\"async\" class=\"frm_ajax_loading\" src=\"http:\/\/mediterraneaseguros.com.ar\/site\/wp-content\/plugins\/formidable\/images\/ajax_loader.gif\" alt=\"Enviando\"\/>\r\n\r\n<\/div><\/div>\n<\/fieldset>\n<\/div>\n<\/form>\n<\/div>\n\n<p>[\/vc_column_text][vc_row_inner background_color=\u00bb#ffffff\u00bb][vc_column_inner width=\u00bb1\/4&#8243;][vc_single_image image=\u00bb517&#8243; img_size=\u00bbfull\u00bb][\/vc_column_inner][vc_column_inner width=\u00bb3\/4&#8243;][vc_empty_space height=\u00bb10px\u00bb][vc_column_text]<\/p>\n<h2><strong>0351 &#8211; 155 163160<\/strong><\/h2>\n<h2><strong>0351 &#8211;\u00a04820220<\/strong><\/h2>\n<p>[\/vc_column_text][\/vc_column_inner][\/vc_row_inner][\/vc_column][vc_column width=\u00bb1\/6&#8243; offset=\u00bbvc_hidden-sm vc_hidden-xs\u00bb][vc_single_image image=\u00bb343&#8243; img_size=\u00bb50&#215;700&#8243; alignment=\u00bbright\u00bb][\/vc_column][\/vc_row][vc_row][vc_column][vc_empty_space height=\u00bb50px\u00bb][\/vc_column][\/vc_row]<\/p>\n","protected":false},"excerpt":{"rendered":"<p>[vc_row][vc_column width=\u00bb5\/6&#8243;][vc_column_text]El Seguro de Cauci\u00f3n es un instrumento de garant\u00eda que sirve para garantizar el cumplimiento de obligaciones. Los Seguros de Cauci\u00f3n y aduana son de vital importancia para tu empresa ya que son la llave que te permitir\u00e1 la concreci\u00f3n de importantes negocios o&#8230;<\/p>\n","protected":false},"author":2,"featured_media":0,"parent":0,"menu_order":0,"comment_status":"closed","ping_status":"closed","template":"","meta":{"footnotes":""},"_links":{"self":[{"href":"http:\/\/mediterraneaseguros.com.ar\/site\/wp-json\/wp\/v2\/pages\/705"}],"collection":[{"href":"http:\/\/mediterraneaseguros.com.ar\/site\/wp-json\/wp\/v2\/pages"}],"about":[{"href":"http:\/\/mediterraneaseguros.com.ar\/site\/wp-json\/wp\/v2\/types\/page"}],"author":[{"embeddable":true,"href":"http:\/\/mediterraneaseguros.com.ar\/site\/wp-json\/wp\/v2\/users\/2"}],"replies":[{"embeddable":true,"href":"http:\/\/mediterraneaseguros.com.ar\/site\/wp-json\/wp\/v2\/comments?post=705"}],"version-history":[{"count":8,"href":"http:\/\/mediterraneaseguros.com.ar\/site\/wp-json\/wp\/v2\/pages\/705\/revisions"}],"predecessor-version":[{"id":969,"href":"http:\/\/mediterraneaseguros.com.ar\/site\/wp-json\/wp\/v2\/pages\/705\/revisions\/969"}],"wp:attachment":[{"href":"http:\/\/mediterraneaseguros.com.ar\/site\/wp-json\/wp\/v2\/media?parent=705"}],"curies":[{"name":"wp","href":"https:\/\/api.w.org\/{rel}","templated":true}]}}