{"id":669,"date":"2016-04-21T01:09:38","date_gmt":"2016-04-21T01:09:38","guid":{"rendered":"http:\/\/mediterraneaseguros.com.ar\/site\/?page_id=669"},"modified":"2020-06-17T19:52:28","modified_gmt":"2020-06-17T19:52:28","slug":"seguro-de-vida","status":"publish","type":"page","link":"http:\/\/mediterraneaseguros.com.ar\/site\/seguro-de-vida\/","title":{"rendered":"Seguros de Vida"},"content":{"rendered":"<p>[vc_row][vc_column width=\u00bb5\/6&#8243;][vc_column_text]<strong>Un respaldo para los que m\u00e1s amas.<\/strong><br \/>\nEl Seguro de Vida brinda a quienes lo toman la protecci\u00f3n de las personas que tienen a su cargo garantizando su mejor calidad de vida otorgando una seguridad econ\u00f3mica a los beneficiarios cuya estabilidad econ\u00f3mica puede verse amenazada ante la falta del Asegurado.[\/vc_column_text][vc_empty_space][vc_column_text]<\/p>\n<div class=\"frm_forms  with_frm_style frm_style_formidable-style\" id=\"frm_form_6_container\" >\n<form enctype=\"multipart\/form-data\" method=\"post\" class=\"frm-show-form \" id=\"form_unqo9\"  >\n<div class=\"frm_form_fields \">\n<fieldset>\n<legend class=\"frm_hidden\">Form Seguro de Vida<\/legend>\r\n\r\n<div class=\"frm_fields_container\">\n<input type=\"hidden\" name=\"frm_action\" value=\"create\" \/>\n<input type=\"hidden\" name=\"form_id\" value=\"6\" \/>\n<input type=\"hidden\" name=\"frm_hide_fields_6\" id=\"frm_hide_fields_6\" value=\"\" \/>\n<input type=\"hidden\" name=\"form_key\" value=\"unqo9\" \/>\n<input type=\"hidden\" name=\"item_meta[0]\" value=\"\" \/>\n<input type=\"hidden\" id=\"frm_submit_entry_6\" name=\"frm_submit_entry_6\" value=\"536e651429\" \/><input type=\"hidden\" name=\"_wp_http_referer\" value=\"\/site\/wp-json\/wp\/v2\/pages\/669\" \/><div id=\"frm_field_37_container\" class=\"frm_form_field form-field  frm_required_field frm_top_container\">\r\n    <label for=\"field_jd60l\" class=\"frm_primary_label\">Nombre y Apellido\r\n        <span class=\"frm_required\">*<\/span>\r\n    <\/label>\r\n    <input type=\"text\" id=\"field_jd60l\" name=\"item_meta[37]\" value=\"\"  data-reqmsg=\"Este campo no puede estar en blanco.\" aria-required=\"true\" data-invmsg=\"Nombre y Apellido no es v\u00e1lido\" aria-invalid=\"false\"  \/>\r\n    \r\n    \r\n<\/div>\n<div id=\"frm_field_38_container\" class=\"frm_form_field form-field  frm_top_container\">\r\n    <label for=\"field_sn0xs\" class=\"frm_primary_label\">Tel\u00e9fono de Contacto\r\n        <span class=\"frm_required\"><\/span>\r\n    <\/label>\r\n    <input type=\"text\" id=\"field_sn0xs\" name=\"item_meta[38]\" value=\"\"  data-invmsg=\"Tel\u00e9fono de Contacto no es v\u00e1lido\" aria-invalid=\"false\"  \/>\r\n    \r\n    \r\n<\/div>\n<div id=\"frm_field_39_container\" class=\"frm_form_field form-field  frm_required_field frm_top_container\">\r\n    <label for=\"field_wyyui\" class=\"frm_primary_label\">Direcci\u00f3n Email\r\n        <span class=\"frm_required\">*<\/span>\r\n    <\/label>\r\n    <input type=\"email\" id=\"field_wyyui\" name=\"item_meta[39]\" value=\"\"  data-reqmsg=\"Este campo no puede estar en blanco.\" aria-required=\"true\" data-invmsg=\"Direcci\u00f3n Email no es v\u00e1lido\" aria-invalid=\"false\"  \/>\r\n    \r\n    \r\n<\/div>\n<div id=\"frm_field_40_container\" class=\"frm_form_field form-field  frm_required_field frm_top_container\">\r\n    <label for=\"field_gcpxd\" class=\"frm_primary_label\">Fecha de Nacimiento\r\n        <span class=\"frm_required\">*<\/span>\r\n    <\/label>\r\n    <input type=\"text\" id=\"field_gcpxd\" name=\"item_meta[40]\" value=\"\"  data-reqmsg=\"Este campo no puede estar en blanco.\" aria-required=\"true\" data-invmsg=\"Fecha de Nacimiento no es v\u00e1lido\" aria-invalid=\"false\"   aria-describedby=\"frm_desc_field_gcpxd\"\/>\r\n    <div id=\"frm_desc_field_gcpxd\" class=\"frm_description\">dd\/mm\/aaaa<\/div>\r\n    \r\n<\/div>\n<div id=\"frm_field_41_container\" class=\"frm_form_field form-field  frm_required_field frm_top_container\">\r\n    <label for=\"field_nv7gd\" class=\"frm_primary_label\">Actividad\r\n        <span class=\"frm_required\">*<\/span>\r\n    <\/label>\r\n    <input type=\"text\" id=\"field_nv7gd\" name=\"item_meta[41]\" value=\"\"  data-reqmsg=\"Este campo no puede estar en blanco.\" aria-required=\"true\" data-invmsg=\"Actividad no es v\u00e1lido\" aria-invalid=\"false\"  \/>\r\n    \r\n    \r\n<\/div>\n<div id=\"frm_field_45_container\" class=\"frm_form_field form-field  frm_required_field frm_top_container vertical_radio\">\r\n    <label  class=\"frm_primary_label\">\u00bfFuma?\r\n        <span class=\"frm_required\">*<\/span>\r\n    <\/label>\r\n    <div class=\"frm_opt_container\">\t\t<div class=\"frm_radio\" id=\"frm_radio_45-0\"><label for=\"field_2gjgq-0\">\t\t<input type=\"radio\" name=\"item_meta[45]\" id=\"field_2gjgq-0\" value=\"S\u00ed\"\n\t\t   data-reqmsg=\"Este campo no puede estar en blanco.\" data-invmsg=\"\u00bfFuma? no es v\u00e1lido\" aria-invalid=\"false\"  \/> S\u00ed<\/label><\/div>\n\t\t<div class=\"frm_radio\" id=\"frm_radio_45-1\"><label for=\"field_2gjgq-1\">\t\t<input type=\"radio\" name=\"item_meta[45]\" id=\"field_2gjgq-1\" value=\"No\"\n\t\t   data-reqmsg=\"Este campo no puede estar en blanco.\" data-invmsg=\"\u00bfFuma? no es v\u00e1lido\" aria-invalid=\"false\"  \/> No<\/label><\/div>\n<\/div>\r\n    \r\n    \r\n<\/div>\n<div id=\"frm_field_46_container\" class=\"frm_form_field form-field  frm_required_field frm_top_container vertical_radio\">\r\n    <label  class=\"frm_primary_label\">\u00bfPractica alg\u00fan deporte?\r\n        <span class=\"frm_required\">*<\/span>\r\n    <\/label>\r\n    <div class=\"frm_opt_container\">\t\t<div class=\"frm_radio\" id=\"frm_radio_46-0\"><label for=\"field_7fyfz-0\">\t\t<input type=\"radio\" name=\"item_meta[46]\" id=\"field_7fyfz-0\" value=\"S\u00ed\"\n\t\t   data-reqmsg=\"Este campo no puede estar en blanco.\" data-invmsg=\"\u00bfPractica alg\u00fan deporte? no es v\u00e1lido\" aria-invalid=\"false\"  \/> S\u00ed<\/label><\/div>\n\t\t<div class=\"frm_radio\" id=\"frm_radio_46-1\"><label for=\"field_7fyfz-1\">\t\t<input type=\"radio\" name=\"item_meta[46]\" id=\"field_7fyfz-1\" value=\"No\"\n\t\t   data-reqmsg=\"Este campo no puede estar en blanco.\" data-invmsg=\"\u00bfPractica alg\u00fan deporte? no es v\u00e1lido\" aria-invalid=\"false\"  \/> No<\/label><\/div>\n<\/div>\r\n    \r\n    \r\n<\/div>\n<div id=\"frm_field_47_container\" class=\"frm_form_field form-field  frm_top_container\">\r\n    <label for=\"field_68loi\" class=\"frm_primary_label\">\u00bfQu\u00e9 deporte\/s practica?\r\n        <span class=\"frm_required\"><\/span>\r\n    <\/label>\r\n    <input type=\"text\" id=\"field_68loi\" name=\"item_meta[47]\" value=\"\"  data-invmsg=\"\u00bfQu\u00e9 deporte\/s practica? no es v\u00e1lido\" aria-invalid=\"false\"  \/>\r\n    \r\n    \r\n<\/div>\n<div id=\"frm_field_48_container\" class=\"frm_form_field form-field  frm_required_field frm_top_container\">\r\n    <label for=\"field_59rsz\" class=\"frm_primary_label\">\u00bfPeso?\r\n        <span class=\"frm_required\">*<\/span>\r\n    <\/label>\r\n    <input type=\"text\" id=\"field_59rsz\" name=\"item_meta[48]\" value=\"\"  style=\"width:100px\" maxlength=\"10\" data-reqmsg=\"Este campo no puede estar en blanco.\" aria-required=\"true\" data-invmsg=\"\u00bfPeso? no es v\u00e1lido\" class=\"auto_width\" aria-invalid=\"false\"  \/>\r\n    \r\n    \r\n<\/div>\n<div id=\"frm_field_49_container\" class=\"frm_form_field form-field  frm_required_field frm_top_container\">\r\n    <label for=\"field_bi50a\" class=\"frm_primary_label\">\u00bfAltura?\r\n        <span class=\"frm_required\">*<\/span>\r\n    <\/label>\r\n    <input type=\"text\" id=\"field_bi50a\" name=\"item_meta[49]\" value=\"\"  style=\"width:100px\" maxlength=\"10\" data-reqmsg=\"Este campo no puede estar en blanco.\" aria-required=\"true\" data-invmsg=\"\u00bfAltura? no es v\u00e1lido\" class=\"auto_width\" aria-invalid=\"false\"  \/>\r\n    \r\n    \r\n<\/div>\n<div id=\"frm_field_42_container\" class=\"frm_form_field form-field  frm_required_field frm_top_container\">\r\n    <label for=\"field_lmmpb\" class=\"frm_primary_label\">Consulta\r\n        <span class=\"frm_required\">*<\/span>\r\n    <\/label>\r\n    <textarea name=\"item_meta[42]\" id=\"field_lmmpb\" rows=\"5\"  data-reqmsg=\"Este campo no puede estar en blanco.\" aria-required=\"true\" data-invmsg=\"Consulta no es v\u00e1lido\" aria-invalid=\"false\"  ><\/textarea>\r\n    \r\n    \r\n<\/div>\n\t<input type=\"hidden\" name=\"item_key\" value=\"\" \/>\n\t<div class=\"frm_submit\">\r\n\r\n<input type=\"submit\" value=\"Enviar\"  \/>\r\n<img decoding=\"async\" class=\"frm_ajax_loading\" src=\"http:\/\/mediterraneaseguros.com.ar\/site\/wp-content\/plugins\/formidable\/images\/ajax_loader.gif\" alt=\"Enviando\"\/>\r\n\r\n<\/div><\/div>\n<\/fieldset>\n<\/div>\n<\/form>\n<\/div>\n\n<p>[\/vc_column_text][vc_row_inner background_color=\u00bb#ffffff\u00bb][vc_column_inner width=\u00bb1\/4&#8243;][vc_single_image image=\u00bb517&#8243; img_size=\u00bbfull\u00bb][\/vc_column_inner][vc_column_inner width=\u00bb3\/4&#8243;][vc_empty_space height=\u00bb10px\u00bb][vc_column_text]<\/p>\n<h2><strong>0351 &#8211; 155 163160<\/strong><\/h2>\n<h2><strong>0351 &#8211;\u00a04820220<\/strong><\/h2>\n<p>[\/vc_column_text][\/vc_column_inner][\/vc_row_inner][\/vc_column][vc_column width=\u00bb1\/6&#8243; offset=\u00bbvc_hidden-sm vc_hidden-xs\u00bb][vc_single_image image=\u00bb343&#8243; img_size=\u00bb50&#215;900&#8243; alignment=\u00bbright\u00bb][\/vc_column][\/vc_row][vc_row][vc_column][vc_empty_space height=\u00bb50px\u00bb][\/vc_column][\/vc_row]<\/p>\n","protected":false},"excerpt":{"rendered":"<p>[vc_row][vc_column width=\u00bb5\/6&#8243;][vc_column_text]Un respaldo para los que m\u00e1s amas. El Seguro de Vida brinda a quienes lo toman la protecci\u00f3n de las personas que tienen a su cargo garantizando su mejor calidad de vida otorgando una seguridad econ\u00f3mica a los beneficiarios cuya estabilidad econ\u00f3mica puede verse&#8230;<\/p>\n","protected":false},"author":2,"featured_media":0,"parent":0,"menu_order":0,"comment_status":"closed","ping_status":"closed","template":"","meta":{"footnotes":""},"_links":{"self":[{"href":"http:\/\/mediterraneaseguros.com.ar\/site\/wp-json\/wp\/v2\/pages\/669"}],"collection":[{"href":"http:\/\/mediterraneaseguros.com.ar\/site\/wp-json\/wp\/v2\/pages"}],"about":[{"href":"http:\/\/mediterraneaseguros.com.ar\/site\/wp-json\/wp\/v2\/types\/page"}],"author":[{"embeddable":true,"href":"http:\/\/mediterraneaseguros.com.ar\/site\/wp-json\/wp\/v2\/users\/2"}],"replies":[{"embeddable":true,"href":"http:\/\/mediterraneaseguros.com.ar\/site\/wp-json\/wp\/v2\/comments?post=669"}],"version-history":[{"count":7,"href":"http:\/\/mediterraneaseguros.com.ar\/site\/wp-json\/wp\/v2\/pages\/669\/revisions"}],"predecessor-version":[{"id":963,"href":"http:\/\/mediterraneaseguros.com.ar\/site\/wp-json\/wp\/v2\/pages\/669\/revisions\/963"}],"wp:attachment":[{"href":"http:\/\/mediterraneaseguros.com.ar\/site\/wp-json\/wp\/v2\/media?parent=669"}],"curies":[{"name":"wp","href":"https:\/\/api.w.org\/{rel}","templated":true}]}}