{"id":616,"date":"2016-04-20T13:34:14","date_gmt":"2016-04-20T13:34:14","guid":{"rendered":"http:\/\/mediterraneaseguros.com.ar\/site\/?page_id=616"},"modified":"2020-06-17T19:51:45","modified_gmt":"2020-06-17T19:51:45","slug":"seguros-para-el-hogar","status":"publish","type":"page","link":"http:\/\/mediterraneaseguros.com.ar\/site\/seguros-para-el-hogar\/","title":{"rendered":"Seguros para el Hogar"},"content":{"rendered":"<p>[vc_row][vc_column width=\u00bb5\/6&#8243;][vc_column_text]Asegurar tu casa es imprescindible para que puedas disfrutar de la tranquilidad de tu hogar. Por lo que desde <strong>Mediterranea Broker de Seguros\u00a0<\/strong>te ofrecemos una amplia gama de coberturas en las <strong>compa\u00f1\u00edas l\u00edderes<\/strong>\u00a0del mercado asegurador.<\/p>\n<p>A trav\u00e9s de nuestro simple <strong>formulario de cotizaci\u00f3n<\/strong> usted podr\u00e1 contactarse con nuestros <strong>profesionales<\/strong> y recibir el mejor asesoramiento para que cuando viajes o est\u00e9s fuera tengas la certeza de que el <strong>seguro de tu casa<\/strong>te protege las 24 horas.<\/p>\n<p>En caso de querer contratar el <strong>seguro de Hogar <\/strong>que desde <strong>Mediterr\u00e1nea<\/strong> se le recomiende usted podr\u00e1 hacerlo c\u00f3modamente <strong>por medio de nuestra web<\/strong> o acerc\u00e1ndose a alguna de <strong>nuestras oficinas.<\/strong>[\/vc_column_text][vc_empty_space][vc_column_text]<\/p>\n<div class=\"frm_forms  with_frm_style frm_style_formidable-style\" id=\"frm_form_5_container\" >\n<form enctype=\"multipart\/form-data\" method=\"post\" class=\"frm-show-form \" id=\"form_kchpk\"  >\n<div class=\"frm_form_fields \">\n<fieldset>\n<legend class=\"frm_hidden\">Form Seguro para el hogar<\/legend>\r\n\r\n<div class=\"frm_fields_container\">\n<input type=\"hidden\" name=\"frm_action\" value=\"create\" \/>\n<input type=\"hidden\" name=\"form_id\" value=\"5\" \/>\n<input type=\"hidden\" name=\"frm_hide_fields_5\" id=\"frm_hide_fields_5\" value=\"\" \/>\n<input type=\"hidden\" name=\"form_key\" value=\"kchpk\" \/>\n<input type=\"hidden\" name=\"item_meta[0]\" value=\"\" \/>\n<input type=\"hidden\" id=\"frm_submit_entry_5\" name=\"frm_submit_entry_5\" value=\"536e651429\" \/><input type=\"hidden\" name=\"_wp_http_referer\" value=\"\/site\/wp-json\/wp\/v2\/pages\/616\" \/><div id=\"frm_field_33_container\" class=\"frm_form_field form-field  frm_required_field frm_top_container\">\r\n    <label for=\"field_uks30\" class=\"frm_primary_label\">Nombre y Apellido\r\n        <span class=\"frm_required\">*<\/span>\r\n    <\/label>\r\n    <input type=\"text\" id=\"field_uks30\" name=\"item_meta[33]\" value=\"\"  data-reqmsg=\"Este campo no puede estar en blanco.\" aria-required=\"true\" data-invmsg=\"Nombre y Apellido no es v\u00e1lido\" aria-invalid=\"false\"  \/>\r\n    \r\n    \r\n<\/div>\n<div id=\"frm_field_34_container\" class=\"frm_form_field form-field  frm_top_container\">\r\n    <label for=\"field_ar93n\" class=\"frm_primary_label\">Tel\u00e9fono de Contacto\r\n        <span class=\"frm_required\"><\/span>\r\n    <\/label>\r\n    <input type=\"text\" id=\"field_ar93n\" name=\"item_meta[34]\" value=\"\"  data-invmsg=\"Tel\u00e9fono de Contacto no es v\u00e1lido\" aria-invalid=\"false\"  \/>\r\n    \r\n    \r\n<\/div>\n<div id=\"frm_field_35_container\" class=\"frm_form_field form-field  frm_required_field frm_top_container\">\r\n    <label for=\"field_jr3mv\" class=\"frm_primary_label\">Direcci\u00f3n Email\r\n        <span class=\"frm_required\">*<\/span>\r\n    <\/label>\r\n    <input type=\"email\" id=\"field_jr3mv\" name=\"item_meta[35]\" value=\"\"  data-reqmsg=\"Este campo no puede estar en blanco.\" aria-required=\"true\" data-invmsg=\"Direcci\u00f3n Email no es v\u00e1lido\" aria-invalid=\"false\"  \/>\r\n    \r\n    \r\n<\/div>\n<div id=\"frm_field_36_container\" class=\"frm_form_field form-field  frm_required_field frm_top_container\">\r\n    <label for=\"field_yy23c\" class=\"frm_primary_label\">Consulta\r\n        <span class=\"frm_required\">*<\/span>\r\n    <\/label>\r\n    <textarea name=\"item_meta[36]\" id=\"field_yy23c\" rows=\"5\"  data-reqmsg=\"Este campo no puede estar en blanco.\" aria-required=\"true\" data-invmsg=\"Consulta no es v\u00e1lido\" aria-invalid=\"false\"  ><\/textarea>\r\n    \r\n    \r\n<\/div>\n\t<input type=\"hidden\" name=\"item_key\" value=\"\" \/>\n\t<div class=\"frm_submit\">\r\n\r\n<input type=\"submit\" value=\"Enviar\"  \/>\r\n<img decoding=\"async\" class=\"frm_ajax_loading\" src=\"http:\/\/mediterraneaseguros.com.ar\/site\/wp-content\/plugins\/formidable\/images\/ajax_loader.gif\" alt=\"Enviando\"\/>\r\n\r\n<\/div><\/div>\n<\/fieldset>\n<\/div>\n<\/form>\n<\/div>\n\n<p>[\/vc_column_text][vc_row_inner background_color=\u00bb#ffffff\u00bb][vc_column_inner width=\u00bb1\/4&#8243;][vc_single_image image=\u00bb517&#8243; img_size=\u00bbfull\u00bb][\/vc_column_inner][vc_column_inner width=\u00bb3\/4&#8243;][vc_empty_space height=\u00bb10px\u00bb][vc_column_text]<\/p>\n<h2><strong>0351 &#8211; 155 163160<\/strong><\/h2>\n<h2><strong>0351 &#8211;\u00a04820220<\/strong><\/h2>\n<p>[\/vc_column_text][\/vc_column_inner][\/vc_row_inner][\/vc_column][vc_column width=\u00bb1\/6&#8243; offset=\u00bbvc_hidden-sm vc_hidden-xs\u00bb][vc_single_image image=\u00bb343&#8243; img_size=\u00bb50&#215;900&#8243; alignment=\u00bbright\u00bb][\/vc_column][\/vc_row][vc_row][vc_column][vc_empty_space height=\u00bb50px\u00bb][\/vc_column][\/vc_row]<\/p>\n","protected":false},"excerpt":{"rendered":"<p>[vc_row][vc_column width=\u00bb5\/6&#8243;][vc_column_text]Asegurar tu casa es imprescindible para que puedas disfrutar de la tranquilidad de tu hogar. Por lo que desde Mediterranea Broker de Seguros\u00a0te ofrecemos una amplia gama de coberturas en las compa\u00f1\u00edas l\u00edderes\u00a0del mercado asegurador. A trav\u00e9s de nuestro simple formulario de cotizaci\u00f3n usted&#8230;<\/p>\n","protected":false},"author":2,"featured_media":0,"parent":0,"menu_order":0,"comment_status":"closed","ping_status":"closed","template":"","meta":{"footnotes":""},"_links":{"self":[{"href":"http:\/\/mediterraneaseguros.com.ar\/site\/wp-json\/wp\/v2\/pages\/616"}],"collection":[{"href":"http:\/\/mediterraneaseguros.com.ar\/site\/wp-json\/wp\/v2\/pages"}],"about":[{"href":"http:\/\/mediterraneaseguros.com.ar\/site\/wp-json\/wp\/v2\/types\/page"}],"author":[{"embeddable":true,"href":"http:\/\/mediterraneaseguros.com.ar\/site\/wp-json\/wp\/v2\/users\/2"}],"replies":[{"embeddable":true,"href":"http:\/\/mediterraneaseguros.com.ar\/site\/wp-json\/wp\/v2\/comments?post=616"}],"version-history":[{"count":8,"href":"http:\/\/mediterraneaseguros.com.ar\/site\/wp-json\/wp\/v2\/pages\/616\/revisions"}],"predecessor-version":[{"id":961,"href":"http:\/\/mediterraneaseguros.com.ar\/site\/wp-json\/wp\/v2\/pages\/616\/revisions\/961"}],"wp:attachment":[{"href":"http:\/\/mediterraneaseguros.com.ar\/site\/wp-json\/wp\/v2\/media?parent=616"}],"curies":[{"name":"wp","href":"https:\/\/api.w.org\/{rel}","templated":true}]}}