{"id":601,"date":"2016-04-20T12:55:11","date_gmt":"2016-04-20T12:55:11","guid":{"rendered":"http:\/\/mediterraneaseguros.com.ar\/site\/?page_id=601"},"modified":"2020-06-17T19:51:00","modified_gmt":"2020-06-17T19:51:00","slug":"seguros-de-autos","status":"publish","type":"page","link":"http:\/\/mediterraneaseguros.com.ar\/site\/seguros-de-autos\/","title":{"rendered":"Seguros de Autos"},"content":{"rendered":"<p>[vc_row][vc_column width=\u00bb5\/6&#8243;][vc_column_text]En <strong>Mediterr\u00e1nea Broker de Seguros<\/strong> sabemos que a la hora de contratar un <strong>seguro de Auto en C\u00f3rdoba o el pa\u00eds<\/strong> nuestros clientes buscan confianza, seguridad y una pronta y eficiente atenci\u00f3n. Es por esto que nuestra organizaci\u00f3n solo trabaja con las <strong>compa\u00f1\u00edas l\u00edderes<\/strong>\u00a0del mercado asegurador, para poder ofrecer la mejor cobertura de\u00a0<strong>seguro para el automotor<\/strong>, al\u00a0<strong>precio<\/strong>\u00a0m\u00e1s conveniente y en la compa\u00f1\u00eda que mejor se amolde a las <strong>necesidades particulares de cada cliente.<\/strong><\/p>\n<p>A trav\u00e9s de nuestro simple <strong><a href=\"http:\/\/mediterraneaseguros.com.ar.ar\/site\/cotice-su-seguro-automotor\">formulario de cotizaci\u00f3n<\/a><\/strong> usted podr\u00e1 contactarse con nuestros <strong>profesionales<\/strong> para recibir el mejor asesoramiento sobre el <strong>seguro de su Auto<\/strong> y las coberturas disponibles para el mismo en las diferentes compa\u00f1\u00edas con las que trabajamos.<\/p>\n<p>En caso de querer contratar el <strong>seguro de Auto\u00a0<\/strong>que desde <strong>Mediterr\u00e1nea<\/strong> se le recomiende usted podr\u00e1 hacerlo c\u00f3modamente <strong>por medio de <a href=\"http:\/\/mediterraneaseguros.com.ar.ar\/site\/formulario-de-consulta\">nuestra web<\/a><\/strong> o acerc\u00e1ndose a alguna de <strong>nuestras oficinas.<\/strong>[\/vc_column_text][vc_empty_space]<a href=\"http:\/\/mediterraneaseguros.com.ar.ar\/site\/cotice-su-seguro-automotor\" target=\"_self\" data-hover-background-color=#adadad data-hover-color=#ffffff class=\"qbutton  medium\" style=\"color: #1975aa; background-color: #d3d3d3;\">Cotcice su Seguro de Automotor ahora<i class=\"fa fa-car\" style=\"\"><\/i><\/a>[vc_empty_space height=\u00bb62px\u00bb][vc_row_inner background_color=\u00bb#ffffff\u00bb][vc_column_inner width=\u00bb1\/4&#8243;][vc_single_image image=\u00bb517&#8243; img_size=\u00bbfull\u00bb][\/vc_column_inner][vc_column_inner width=\u00bb3\/4&#8243;][vc_empty_space height=\u00bb10px\u00bb][vc_column_text]<\/p>\n<h2><strong>0351 &#8211; 155 163160<\/strong><\/h2>\n<h2><strong>0351 &#8211;\u00a04820220<\/strong><\/h2>\n<p>[\/vc_column_text][\/vc_column_inner][\/vc_row_inner][\/vc_column][vc_column width=\u00bb1\/6&#8243; offset=\u00bbvc_hidden-sm vc_hidden-xs\u00bb][vc_single_image image=\u00bb343&#8243; img_size=\u00bb50&#215;600&#8243; alignment=\u00bbright\u00bb][\/vc_column][\/vc_row][vc_row][vc_column][vc_empty_space height=\u00bb50px\u00bb][\/vc_column][\/vc_row]<\/p>\n","protected":false},"excerpt":{"rendered":"<p>[vc_row][vc_column width=\u00bb5\/6&#8243;][vc_column_text]En Mediterr\u00e1nea Broker de Seguros sabemos que a la hora de contratar un seguro de Auto en C\u00f3rdoba o el pa\u00eds nuestros clientes buscan confianza, seguridad y una pronta y eficiente atenci\u00f3n. Es por esto que nuestra organizaci\u00f3n solo trabaja con las compa\u00f1\u00edas l\u00edderes\u00a0del&#8230;<\/p>\n","protected":false},"author":2,"featured_media":0,"parent":0,"menu_order":0,"comment_status":"closed","ping_status":"closed","template":"","meta":{"footnotes":""},"_links":{"self":[{"href":"http:\/\/mediterraneaseguros.com.ar\/site\/wp-json\/wp\/v2\/pages\/601"}],"collection":[{"href":"http:\/\/mediterraneaseguros.com.ar\/site\/wp-json\/wp\/v2\/pages"}],"about":[{"href":"http:\/\/mediterraneaseguros.com.ar\/site\/wp-json\/wp\/v2\/types\/page"}],"author":[{"embeddable":true,"href":"http:\/\/mediterraneaseguros.com.ar\/site\/wp-json\/wp\/v2\/users\/2"}],"replies":[{"embeddable":true,"href":"http:\/\/mediterraneaseguros.com.ar\/site\/wp-json\/wp\/v2\/comments?post=601"}],"version-history":[{"count":23,"href":"http:\/\/mediterraneaseguros.com.ar\/site\/wp-json\/wp\/v2\/pages\/601\/revisions"}],"predecessor-version":[{"id":959,"href":"http:\/\/mediterraneaseguros.com.ar\/site\/wp-json\/wp\/v2\/pages\/601\/revisions\/959"}],"wp:attachment":[{"href":"http:\/\/mediterraneaseguros.com.ar\/site\/wp-json\/wp\/v2\/media?parent=601"}],"curies":[{"name":"wp","href":"https:\/\/api.w.org\/{rel}","templated":true}]}}