{"id":6,"date":"2015-11-19T13:39:41","date_gmt":"2015-11-19T13:39:41","guid":{"rendered":"http:\/\/mediterraneaseguros.com.ar\/site\/?page_id=6"},"modified":"2016-05-10T13:29:37","modified_gmt":"2016-05-10T13:29:37","slug":"aseguradoras","status":"publish","type":"page","link":"http:\/\/mediterraneaseguros.com.ar\/site\/aseguradoras\/","title":{"rendered":"Aseguradoras"},"content":{"rendered":"<p>[vc_row row_type=\u00bbrow\u00bb use_row_as_full_screen_section=\u00bbno\u00bb type=\u00bbfull_width\u00bb text_align=\u00bbleft\u00bb background_image_as_pattern=\u00bbwithout_pattern\u00bb][vc_column width=\u00bb5\/6&#8243; css=\u00bb.vc_custom_1455301858516{background-color: #ffffff !important;}\u00bb][vc_empty_space height=\u00bb10px\u00bb][vc_column_text]<\/p>\n<h4>Brindamos las mejores coberturas y planes integrales con una \u00f3ptima relaci\u00f3n costo\/beneficio y con la m\u00e1s prestigiosas Compa\u00f1\u00edas de Seguro.<\/h4>\n<p>[\/vc_column_text][vc_empty_space height=\u00bb52px\u00bb][vc_row_inner][vc_column_inner width=\u00bb1\/3&#8243;]<div class='image_hover ' style='' data-transition-delay=''><div class='images_holder'><img class='active_image ' src='http:\/\/mediterraneaseguros.com.ar\/site\/wp-content\/uploads\/2015\/11\/asociart-g.jpg' alt='' style='' \/><img class='hover_image' src='http:\/\/mediterraneaseguros.com.ar\/site\/wp-content\/uploads\/2015\/11\/asociart.jpg' alt='' style='' \/><\/div><\/div>[\/vc_column_inner][vc_column_inner width=\u00bb1\/3&#8243;]<div class='image_hover ' style='' data-transition-delay=''><div class='images_holder'><img class='active_image ' src='http:\/\/mediterraneaseguros.com.ar\/site\/wp-content\/uploads\/2015\/11\/mercantil-andina-g.jpg' alt='' style='' \/><img class='hover_image' src='http:\/\/mediterraneaseguros.com.ar\/site\/wp-content\/uploads\/2015\/11\/mercantil-andina.jpg' alt='' style='' \/><\/div><\/div>[\/vc_column_inner][vc_column_inner width=\u00bb1\/3&#8243;]<div class='image_hover ' style='' data-transition-delay=''><div class='images_holder'><img class='active_image ' src='http:\/\/mediterraneaseguros.com.ar\/site\/wp-content\/uploads\/2015\/11\/provincia-art-g.jpg' alt='' style='' \/><img class='hover_image' src='http:\/\/mediterraneaseguros.com.ar\/site\/wp-content\/uploads\/2015\/11\/provincia-art.jpg' alt='' style='' \/><\/div><\/div>[\/vc_column_inner][\/vc_row_inner][vc_row_inner][vc_column_inner width=\u00bb1\/3&#8243;]<div class='image_hover ' style='' data-transition-delay=''><div class='images_holder'><img class='active_image ' src='http:\/\/mediterraneaseguros.com.ar\/site\/wp-content\/uploads\/2015\/11\/provincia-seguros-g.jpg' alt='' style='' \/><img class='hover_image' src='http:\/\/mediterraneaseguros.com.ar\/site\/wp-content\/uploads\/2015\/11\/provincia-seguros.jpg' alt='' style='' \/><\/div><\/div>[\/vc_column_inner][vc_column_inner width=\u00bb1\/3&#8243;]<div class='image_hover ' style='' data-transition-delay=''><div class='images_holder'><img class='active_image ' src='http:\/\/mediterraneaseguros.com.ar\/site\/wp-content\/uploads\/2015\/11\/sancor-g.jpg' alt='' style='' \/><img class='hover_image' src='http:\/\/mediterraneaseguros.com.ar\/site\/wp-content\/uploads\/2015\/11\/sancor.jpg' alt='' style='' \/><\/div><\/div>[\/vc_column_inner][vc_column_inner width=\u00bb1\/3&#8243;]<div class='image_hover ' style='' data-transition-delay=''><div class='images_holder'><img class='active_image ' src='http:\/\/mediterraneaseguros.com.ar\/site\/wp-content\/uploads\/2015\/11\/san-cristobal-g.jpg' alt='' style='' \/><img class='hover_image' src='http:\/\/mediterraneaseguros.com.ar\/site\/wp-content\/uploads\/2015\/11\/san-cristobal.jpg' alt='' style='' \/><\/div><\/div>[\/vc_column_inner][\/vc_row_inner][vc_row_inner][vc_column_inner width=\u00bb1\/3&#8243;]<div class='image_hover ' style='' data-transition-delay=''><div class='images_holder'><img class='active_image ' src='http:\/\/mediterraneaseguros.com.ar\/site\/wp-content\/uploads\/2015\/11\/smg-g.jpg' alt='' style='' \/><img class='hover_image' src='http:\/\/mediterraneaseguros.com.ar\/site\/wp-content\/uploads\/2015\/11\/smg.jpg' alt='' style='' \/><\/div><\/div>[\/vc_column_inner][vc_column_inner width=\u00bb1\/3&#8243;]<div class='image_hover ' style='' data-transition-delay=''><div class='images_holder'><img class='active_image ' src='http:\/\/mediterraneaseguros.com.ar\/site\/wp-content\/uploads\/2015\/11\/zurich-g.jpg' alt='' style='' \/><img class='hover_image' src='http:\/\/mediterraneaseguros.com.ar\/site\/wp-content\/uploads\/2015\/11\/zurich.jpg' alt='' style='' \/><\/div><\/div>[\/vc_column_inner][vc_column_inner width=\u00bb1\/3&#8243;]<div class='image_hover ' style='' data-transition-delay=''><div class='images_holder'><img class='active_image ' src='http:\/\/mediterraneaseguros.com.ar\/site\/wp-content\/uploads\/2016\/02\/nacion-g.jpg' alt='' style='' \/><img class='hover_image' src='http:\/\/mediterraneaseguros.com.ar\/site\/wp-content\/uploads\/2016\/02\/nacion.jpg' alt='' style='' \/><\/div><\/div>[\/vc_column_inner][\/vc_row_inner][vc_row_inner][vc_column_inner width=\u00bb1\/3&#8243;]<div class='image_hover ' style='' data-transition-delay=''><div class='images_holder'><img class='active_image ' src='http:\/\/mediterraneaseguros.com.ar\/site\/wp-content\/uploads\/2016\/02\/galeno-art-g.jpg' alt='' style='' \/><img class='hover_image' src='http:\/\/mediterraneaseguros.com.ar\/site\/wp-content\/uploads\/2016\/02\/galeno-art.jpg' alt='' style='' \/><\/div><\/div>[\/vc_column_inner][\/vc_row_inner][vc_column_text]<\/p>\n<h4>Si desea m\u00e1s informaci\u00f3n llene el siguiente formulario\u00a0y a la brevedad nos pondremos en contacto con usted.<\/h4>\n<h4>O ll\u00e1menos a los siguientes tel\u00e9fonos:<\/h4>\n<p>&nbsp;<\/p>\n<h1><strong>0351 \u2013\u00a04257908<\/strong><\/h1>\n<h1><strong>0351 \u2013 153 64 1132<\/strong><\/h1>\n<p>[\/vc_column_text][vc_empty_space height=\u00bb52px\u00bb][vc_column_text]<\/p>\n<div class=\"frm_forms  with_frm_style frm_style_formidable-style\" id=\"frm_form_3_container\" >\n<form enctype=\"multipart\/form-data\" method=\"post\" class=\"frm-show-form \" id=\"form_oy7n5b\"  >\n<div class=\"frm_form_fields \">\n<fieldset>\n<legend class=\"frm_hidden\">CONTACTO RAPIDO<\/legend>\r\n\r\n<div class=\"frm_fields_container\">\n<input type=\"hidden\" name=\"frm_action\" value=\"create\" \/>\n<input type=\"hidden\" name=\"form_id\" value=\"3\" \/>\n<input type=\"hidden\" name=\"frm_hide_fields_3\" id=\"frm_hide_fields_3\" value=\"\" \/>\n<input type=\"hidden\" name=\"form_key\" value=\"oy7n5b\" \/>\n<input type=\"hidden\" name=\"item_meta[0]\" value=\"\" \/>\n<input type=\"hidden\" id=\"frm_submit_entry_3\" name=\"frm_submit_entry_3\" value=\"536e651429\" \/><input type=\"hidden\" name=\"_wp_http_referer\" value=\"\/site\/wp-json\/wp\/v2\/pages\/6\" \/><div id=\"frm_field_14_container\" class=\"frm_form_field form-field  frm_required_field frm_top_container\">\r\n    <label for=\"field_jz3kal\" class=\"frm_primary_label\">Nombre y Apellido\r\n        <span class=\"frm_required\">*<\/span>\r\n    <\/label>\r\n    <input type=\"text\" id=\"field_jz3kal\" name=\"item_meta[14]\" value=\"\"  data-reqmsg=\"Este campo no puede estar en blanco.\" aria-required=\"true\" data-invmsg=\"Nombre y Apellido no es v\u00e1lido\" aria-invalid=\"false\"  \/>\r\n    \r\n    \r\n<\/div>\n<div id=\"frm_field_15_container\" class=\"frm_form_field form-field  frm_required_field frm_top_container\">\r\n    <label for=\"field_6vu1qz\" class=\"frm_primary_label\">Direcci\u00f3n Email\r\n        <span class=\"frm_required\">*<\/span>\r\n    <\/label>\r\n    <input type=\"email\" id=\"field_6vu1qz\" name=\"item_meta[15]\" value=\"\"  data-reqmsg=\"Este campo no puede estar en blanco.\" aria-required=\"true\" data-invmsg=\"Direcci\u00f3n Email no es v\u00e1lido\" aria-invalid=\"false\"  \/>\r\n    \r\n    \r\n<\/div>\n<div id=\"frm_field_16_container\" class=\"frm_form_field form-field  frm_required_field frm_top_container\">\r\n    <label for=\"field_mjelgm\" class=\"frm_primary_label\">Su consulta\r\n        <span class=\"frm_required\">*<\/span>\r\n    <\/label>\r\n    <textarea name=\"item_meta[16]\" id=\"field_mjelgm\" rows=\"5\"  data-reqmsg=\"Este campo no puede estar en blanco.\" aria-required=\"true\" data-invmsg=\"Su consulta no es v\u00e1lido\" aria-invalid=\"false\"  ><\/textarea>\r\n    \r\n    \r\n<\/div>\n\t<input type=\"hidden\" name=\"item_key\" value=\"\" \/>\n\t<div class=\"frm_submit\">\r\n\r\n<input type=\"submit\" value=\"Enviar\"  \/>\r\n<img decoding=\"async\" class=\"frm_ajax_loading\" src=\"http:\/\/mediterraneaseguros.com.ar\/site\/wp-content\/plugins\/formidable\/images\/ajax_loader.gif\" alt=\"Enviando\"\/>\r\n\r\n<\/div><\/div>\n<\/fieldset>\n<\/div>\n<\/form>\n<\/div>\n\n<p>[\/vc_column_text][\/vc_column][vc_column width=\u00bb1\/6&#8243; offset=\u00bbvc_hidden-sm vc_hidden-xs\u00bb][vc_single_image image=\u00bb343&#8243; border_color=\u00bbgrey\u00bb img_link_target=\u00bb_self\u00bb img_size=\u00bb50&#215;1100&#8243; alignment=\u00bbright\u00bb][\/vc_column][\/vc_row][vc_row][vc_column width=\u00bb1\/1&#8243;][vc_empty_space height=\u00bb50px\u00bb][\/vc_column][\/vc_row][vc_column width=\u00bb1\/6&#8243; offset=\u00bbvc_hidden-sm vc_hidden-xs\u00bb][vc_column_text]<br \/>\n[\/vc_column_text][\/vc_column]<\/p>\n","protected":false},"excerpt":{"rendered":"<p>[vc_row row_type=\u00bbrow\u00bb use_row_as_full_screen_section=\u00bbno\u00bb type=\u00bbfull_width\u00bb text_align=\u00bbleft\u00bb background_image_as_pattern=\u00bbwithout_pattern\u00bb][vc_column width=\u00bb5\/6&#8243; css=\u00bb.vc_custom_1455301858516{background-color: #ffffff !important;}\u00bb][vc_empty_space height=\u00bb10px\u00bb][vc_column_text] Brindamos las mejores coberturas y planes integrales con una \u00f3ptima relaci\u00f3n costo\/beneficio y con la m\u00e1s prestigiosas Compa\u00f1\u00edas de Seguro. [\/vc_column_text][vc_empty_space height=\u00bb52px\u00bb][vc_row_inner][vc_column_inner width=\u00bb1\/3&#8243;][\/vc_column_inner][vc_column_inner width=\u00bb1\/3&#8243;][\/vc_column_inner][vc_column_inner width=\u00bb1\/3&#8243;][\/vc_column_inner][\/vc_row_inner][vc_row_inner][vc_column_inner width=\u00bb1\/3&#8243;][\/vc_column_inner][vc_column_inner width=\u00bb1\/3&#8243;][\/vc_column_inner][vc_column_inner width=\u00bb1\/3&#8243;][\/vc_column_inner][\/vc_row_inner][vc_row_inner][vc_column_inner width=\u00bb1\/3&#8243;][\/vc_column_inner][vc_column_inner width=\u00bb1\/3&#8243;][\/vc_column_inner][vc_column_inner width=\u00bb1\/3&#8243;][\/vc_column_inner][\/vc_row_inner][vc_row_inner][vc_column_inner width=\u00bb1\/3&#8243;][\/vc_column_inner][\/vc_row_inner][vc_column_text] Si desea&#8230;<\/p>\n","protected":false},"author":2,"featured_media":0,"parent":0,"menu_order":0,"comment_status":"closed","ping_status":"closed","template":"","meta":{"footnotes":""},"_links":{"self":[{"href":"http:\/\/mediterraneaseguros.com.ar\/site\/wp-json\/wp\/v2\/pages\/6"}],"collection":[{"href":"http:\/\/mediterraneaseguros.com.ar\/site\/wp-json\/wp\/v2\/pages"}],"about":[{"href":"http:\/\/mediterraneaseguros.com.ar\/site\/wp-json\/wp\/v2\/types\/page"}],"author":[{"embeddable":true,"href":"http:\/\/mediterraneaseguros.com.ar\/site\/wp-json\/wp\/v2\/users\/2"}],"replies":[{"embeddable":true,"href":"http:\/\/mediterraneaseguros.com.ar\/site\/wp-json\/wp\/v2\/comments?post=6"}],"version-history":[{"count":14,"href":"http:\/\/mediterraneaseguros.com.ar\/site\/wp-json\/wp\/v2\/pages\/6\/revisions"}],"predecessor-version":[{"id":797,"href":"http:\/\/mediterraneaseguros.com.ar\/site\/wp-json\/wp\/v2\/pages\/6\/revisions\/797"}],"wp:attachment":[{"href":"http:\/\/mediterraneaseguros.com.ar\/site\/wp-json\/wp\/v2\/media?parent=6"}],"curies":[{"name":"wp","href":"https:\/\/api.w.org\/{rel}","templated":true}]}}