{"id":483,"date":"2016-01-15T13:45:41","date_gmt":"2016-01-15T13:45:41","guid":{"rendered":"http:\/\/mediterraneaseguros.com.ar\/site\/?page_id=483"},"modified":"2016-05-10T13:17:21","modified_gmt":"2016-05-10T13:17:21","slug":"pymes","status":"publish","type":"page","link":"http:\/\/mediterraneaseguros.com.ar\/site\/servicios\/pymes\/","title":{"rendered":"Pymes"},"content":{"rendered":"<p>[vc_row row_type=\u00bbrow\u00bb use_row_as_full_screen_section=\u00bbno\u00bb type=\u00bbfull_width\u00bb text_align=\u00bbleft\u00bb background_image_as_pattern=\u00bbwithout_pattern\u00bb][vc_column width=\u00bb5\/6&#8243;]<div class=\"q_icon_list\"><i class=\"fa fa-angle-right pull-left circle \" style=\"\"><\/i><p style=\"\">AN\u00c1LISIS OPERACIONAL DE LA ACTIVIDAD Y EXPOSICI\u00d3N DE RIESGOS<\/p><\/div><div class=\"q_icon_list\"><i class=\"fa fa-angle-right pull-left circle \" style=\"\"><\/i><p style=\"\">IDENTIFICACI\u00d3N DE \u00c1REAS NO ASEGURADAS<\/p><\/div><div class=\"q_icon_list\"><i class=\"fa fa-angle-right pull-left circle \" style=\"\"><\/i><p style=\"\">AN\u00c1LISIS DEL CONTROL DE P\u00c9RDIDAS Y PLAN DE SEGUROS<\/p><\/div><div class=\"q_icon_list\"><i class=\"fa fa-angle-right pull-left circle \" style=\"\"><\/i><p style=\"\">AN\u00c1LISIS DE COSTOS DE RIESGO<\/p><\/div><div class=\"q_icon_list\"><i class=\"fa fa-angle-right pull-left circle \" style=\"\"><\/i><p style=\"\">AN\u00c1LISIS DE COMPA\u00d1\u00cdAS ASEGURADORAS<\/p><\/div>[\/vc_column][vc_column width=\u00bb1\/6&#8243; offset=\u00bbvc_hidden-sm vc_hidden-xs\u00bb][vc_single_image image=\u00bb343&#8243; border_color=\u00bbgrey\u00bb img_link_target=\u00bb_self\u00bb img_size=\u00bb50&#215;1000&#8243; alignment=\u00bbright\u00bb][\/vc_column][\/vc_row][vc_row][vc_column width=\u00bb1\/1&#8243;][vc_empty_space height=\u00bb50px\u00bb][\/vc_column][\/vc_row][vc_column width=\u00bb1\/6&#8243; offset=\u00bbvc_hidden-sm vc_hidden-xs\u00bb][vc_column_text]<br \/>\n[\/vc_column_text][\/vc_column]<\/p>\n","protected":false},"excerpt":{"rendered":"<p>[vc_row row_type=\u00bbrow\u00bb use_row_as_full_screen_section=\u00bbno\u00bb type=\u00bbfull_width\u00bb text_align=\u00bbleft\u00bb background_image_as_pattern=\u00bbwithout_pattern\u00bb][vc_column width=\u00bb5\/6&#8243;][\/vc_column][vc_column width=\u00bb1\/6&#8243; offset=\u00bbvc_hidden-sm vc_hidden-xs\u00bb][vc_single_image image=\u00bb343&#8243; border_color=\u00bbgrey\u00bb img_link_target=\u00bb_self\u00bb img_size=\u00bb50&#215;1000&#8243; alignment=\u00bbright\u00bb][\/vc_column][\/vc_row][vc_row][vc_column width=\u00bb1\/1&#8243;][vc_empty_space height=\u00bb50px\u00bb][\/vc_column][\/vc_row][vc_column width=\u00bb1\/6&#8243; offset=\u00bbvc_hidden-sm vc_hidden-xs\u00bb][vc_column_text] [\/vc_column_text][\/vc_column]<\/p>\n","protected":false},"author":2,"featured_media":0,"parent":8,"menu_order":0,"comment_status":"closed","ping_status":"closed","template":"","meta":{"footnotes":""},"_links":{"self":[{"href":"http:\/\/mediterraneaseguros.com.ar\/site\/wp-json\/wp\/v2\/pages\/483"}],"collection":[{"href":"http:\/\/mediterraneaseguros.com.ar\/site\/wp-json\/wp\/v2\/pages"}],"about":[{"href":"http:\/\/mediterraneaseguros.com.ar\/site\/wp-json\/wp\/v2\/types\/page"}],"author":[{"embeddable":true,"href":"http:\/\/mediterraneaseguros.com.ar\/site\/wp-json\/wp\/v2\/users\/2"}],"replies":[{"embeddable":true,"href":"http:\/\/mediterraneaseguros.com.ar\/site\/wp-json\/wp\/v2\/comments?post=483"}],"version-history":[{"count":7,"href":"http:\/\/mediterraneaseguros.com.ar\/site\/wp-json\/wp\/v2\/pages\/483\/revisions"}],"predecessor-version":[{"id":782,"href":"http:\/\/mediterraneaseguros.com.ar\/site\/wp-json\/wp\/v2\/pages\/483\/revisions\/782"}],"up":[{"embeddable":true,"href":"http:\/\/mediterraneaseguros.com.ar\/site\/wp-json\/wp\/v2\/pages\/8"}],"wp:attachment":[{"href":"http:\/\/mediterraneaseguros.com.ar\/site\/wp-json\/wp\/v2\/media?parent=483"}],"curies":[{"name":"wp","href":"https:\/\/api.w.org\/{rel}","templated":true}]}}