{"id":477,"date":"2016-01-14T12:36:04","date_gmt":"2016-01-14T12:36:04","guid":{"rendered":"http:\/\/mediterraneaseguros.com.ar\/site\/?page_id=477"},"modified":"2016-05-10T13:34:21","modified_gmt":"2016-05-10T13:34:21","slug":"servicios-generales","status":"publish","type":"page","link":"http:\/\/mediterraneaseguros.com.ar\/site\/servicios\/servicios-generales\/","title":{"rendered":"Servicios Generales"},"content":{"rendered":"<p>[vc_row row_type=\u00bbrow\u00bb use_row_as_full_screen_section=\u00bbno\u00bb type=\u00bbfull_width\u00bb text_align=\u00bbleft\u00bb background_image_as_pattern=\u00bbwithout_pattern\u00bb][vc_column width=\u00bb5\/6&#8243;][vc_accordion style=\u00bbaccordion\u00bb][vc_accordion_tab title=\u00bbATENCI\u00d3N PERSONAL DEL CLIENTE\u00bb][vc_column_text]<\/p>\n<p>No existen dos personas iguales y en Mediterr\u00e1nea somos muy conscientes de ello, por lo que cada cliente siempre encontrara en nuestra organizaci\u00f3n el asesoramiento que necesita.<\/p>\n<p>[\/vc_column_text][\/vc_accordion_tab][vc_accordion_tab title=\u00bbEVALUACI\u00d3N DE RIESGOS\u00bb][vc_column_text]<\/p>\n<p>Abarca el an\u00e1lisis de los riesgos a los que se encuentra expuesta su Empresa\/Negocio para definir as\u00ed el perfil de cada Clientes.<\/p>\n<p>[\/vc_column_text][\/vc_accordion_tab][vc_accordion_tab title=\u00bbSELECCI\u00d3N DE ASEGURADORAS\u00bb][vc_column_text]<\/p>\n<p>Ac\u00e1 deber\u00eda ir alg\u00fan texto descriptivo de este servicio, aunque sean tres l\u00edneas solamente.\u00a0Ac\u00e1 deber\u00eda ir alg\u00fan texto descriptivo de este servicio, aunque sean tres l\u00edneas solamente.<\/p>\n<p>[\/vc_column_text][\/vc_accordion_tab][vc_accordion_tab title=\u00bbCOTIZACI\u00d3N DE COBERTURAS\u00bb][vc_column_text]<\/p>\n<p>La selecci\u00f3n de las Aseguradoras se hacen a trav\u00e9s de un exhaustivo an\u00e1lisis de las coberturas, costos y estados contables de las mismas, proporcionando as\u00ed un panorama amplio y completo a nuestros Clientes, como Empresa independiente no trabajamos para una Compa\u00f1\u00eda de Seguros determinada, lo hacemos para Ud.<\/p>\n<p>[\/vc_column_text][\/vc_accordion_tab][vc_accordion_tab title=\u00bbNEGOCIACI\u00d3N CON LAS ASEGURADORAS EN CUANTO A LOS T\u00c9RMINOS DEL CONTRATO\u00bb][vc_column_text]<\/p>\n<p>Dise\u00f1ando soluciones que incluyen desde la implantaci\u00f3n de los seguros tradicionales hasta la creaci\u00f3n de productos espec\u00edficos.<\/p>\n<p>[\/vc_column_text][\/vc_accordion_tab][vc_accordion_tab title=\u00bbAN\u00c1LISIS DE COBERTURAS Y TEXTOS DE LA P\u00d3LIZA\u00bb][vc_column_text]<\/p>\n<p>Ac\u00e1 deber\u00eda ir alg\u00fan texto descriptivo de este servicio, aunque sean tres l\u00edneas solamente.\u00a0Ac\u00e1 deber\u00eda ir alg\u00fan texto descriptivo de este servicio, aunque sean tres l\u00edneas solamente.<\/p>\n<p>[\/vc_column_text][\/vc_accordion_tab][vc_accordion_tab title=\u00bbADMINISTRACI\u00d3N DE P\u00d3LIZAS\u00bb][vc_column_text]<\/p>\n<p>Modificaciones, endosos, altas y bajas de p\u00f3lizas. Todo puede hacerse solo con un e-mail, a trav\u00e9s de nuestra web o llamado telef\u00f3nico a nuestras oficinas.<\/p>\n<p>[\/vc_column_text][\/vc_accordion_tab][vc_accordion_tab title=\u00bbGESTION DE SINIESTROS\u00bb][vc_column_text]<\/p>\n<ul>\n<li>Asesoramiento sobre prevenci\u00f3n de p\u00e9rdidas<\/li>\n<li>Recepci\u00f3n y tr\u00e1mite de la denuncia de siniestro<\/li>\n<li>Asesoramiento al Asegurado sobre la documentaci\u00f3n respaldatoria<\/li>\n<li>Monitoreo de la gesti\u00f3n del liquidador<\/li>\n<li>Seguimiento y control sobre los tiempos de liquidaci\u00f3n<\/li>\n<li>Negociaci\u00f3n del acuerdo de da\u00f1os<\/li>\n<li>Evaluaci\u00f3n y presentaci\u00f3n de la oferta de la aseguradora<\/li>\n<\/ul>\n<p>[\/vc_column_text][\/vc_accordion_tab][\/vc_accordion][\/vc_column][vc_column width=\u00bb1\/6&#8243; offset=\u00bbvc_hidden-sm vc_hidden-xs\u00bb][vc_single_image image=\u00bb343&#8243; border_color=\u00bbgrey\u00bb img_link_target=\u00bb_self\u00bb img_size=\u00bb50&#215;1100&#8243; alignment=\u00bbright\u00bb][\/vc_column][\/vc_row][vc_row][vc_column width=\u00bb1\/1&#8243;][vc_empty_space height=\u00bb50px\u00bb][\/vc_column][\/vc_row][vc_column width=\u00bb1\/6&#8243; offset=\u00bbvc_hidden-sm vc_hidden-xs\u00bb][vc_column_text]<br \/>\n[\/vc_column_text][\/vc_column]<\/p>\n","protected":false},"excerpt":{"rendered":"<p>[vc_row row_type=\u00bbrow\u00bb use_row_as_full_screen_section=\u00bbno\u00bb type=\u00bbfull_width\u00bb text_align=\u00bbleft\u00bb background_image_as_pattern=\u00bbwithout_pattern\u00bb][vc_column width=\u00bb5\/6&#8243;][vc_accordion style=\u00bbaccordion\u00bb][vc_accordion_tab title=\u00bbATENCI\u00d3N PERSONAL DEL CLIENTE\u00bb][vc_column_text] No existen dos personas iguales y en Mediterr\u00e1nea somos muy conscientes de ello, por lo que cada cliente siempre encontrara en nuestra organizaci\u00f3n el asesoramiento que necesita. [\/vc_column_text][\/vc_accordion_tab][vc_accordion_tab title=\u00bbEVALUACI\u00d3N DE RIESGOS\u00bb][vc_column_text] Abarca el&#8230;<\/p>\n","protected":false},"author":2,"featured_media":0,"parent":8,"menu_order":0,"comment_status":"closed","ping_status":"closed","template":"","meta":{"footnotes":""},"_links":{"self":[{"href":"http:\/\/mediterraneaseguros.com.ar\/site\/wp-json\/wp\/v2\/pages\/477"}],"collection":[{"href":"http:\/\/mediterraneaseguros.com.ar\/site\/wp-json\/wp\/v2\/pages"}],"about":[{"href":"http:\/\/mediterraneaseguros.com.ar\/site\/wp-json\/wp\/v2\/types\/page"}],"author":[{"embeddable":true,"href":"http:\/\/mediterraneaseguros.com.ar\/site\/wp-json\/wp\/v2\/users\/2"}],"replies":[{"embeddable":true,"href":"http:\/\/mediterraneaseguros.com.ar\/site\/wp-json\/wp\/v2\/comments?post=477"}],"version-history":[{"count":10,"href":"http:\/\/mediterraneaseguros.com.ar\/site\/wp-json\/wp\/v2\/pages\/477\/revisions"}],"predecessor-version":[{"id":800,"href":"http:\/\/mediterraneaseguros.com.ar\/site\/wp-json\/wp\/v2\/pages\/477\/revisions\/800"}],"up":[{"embeddable":true,"href":"http:\/\/mediterraneaseguros.com.ar\/site\/wp-json\/wp\/v2\/pages\/8"}],"wp:attachment":[{"href":"http:\/\/mediterraneaseguros.com.ar\/site\/wp-json\/wp\/v2\/media?parent=477"}],"curies":[{"name":"wp","href":"https:\/\/api.w.org\/{rel}","templated":true}]}}