{"id":467,"date":"2016-01-11T17:50:56","date_gmt":"2016-01-11T17:50:56","guid":{"rendered":"http:\/\/mediterraneaseguros.com.ar\/site\/?page_id=467"},"modified":"2016-05-10T14:00:57","modified_gmt":"2016-05-10T14:00:57","slug":"convenio-de-seguros-de-contratacion-voluntaria-2","status":"publish","type":"page","link":"http:\/\/mediterraneaseguros.com.ar\/site\/convenio-de-seguros-de-contratacion-voluntaria-2\/","title":{"rendered":"Convenio de Seguros de Contrataci\u00f3n Voluntaria"},"content":{"rendered":"<p>[vc_row row_type=\u00bbrow\u00bb use_row_as_full_screen_section=\u00bbno\u00bb type=\u00bbfull_width\u00bb text_align=\u00bbleft\u00bb background_image_as_pattern=\u00bbwithout_pattern\u00bb][vc_column width=\u00bb5\/6&#8243;][vc_column_text]<\/p>\n<h2>Colegio de Agrimensores de la Provincia de C\u00f3rdoba<\/h2>\n<h3>Convenio de Seguros de Contrataci\u00f3n Voluntaria<\/h3>\n<p>[\/vc_column_text][vc_separator type=\u00bbnormal\u00bb position=\u00bbcenter\u00bb down=\u00bb30&#8243;][vc_column_text]<b>El Colegio de Agrimensores de la Provincia de C\u00f3rdoba<\/b> firm\u00f3 un nuevo convenio con <b>Mediterr\u00e1nea Sequeira Broker de Seguros<\/b> que le permitir\u00e1 a todos los Colegiados y Empleados de la Entidad obtener\u00a0<b>BONIFICACIONES exclusivas<\/b> en la contrataci\u00f3n de seguros de <b>Autos, Hogar, Integrales de comercio, Todo Riesgo, Construcci\u00f3n, Cauci\u00f3n, Asesoramiento en Higiene y Seguridad,<\/b> y contar con la posibilidad de un seguro a un <b>precio inferior a los que se suscriben en forma individual.<\/b><br \/>\n<b>En Mediterranea Sequeira Broker de Seguros<\/b> contamos con un equipo de profesionales que pueden evaluar correctamente su riesgo y posee la capacidad t\u00e9cnica\/comercial necesaria para transferir esos riesgos a las mejores opciones del sistema asegurador.<\/p>\n<p><span class=\"social-slogan\">Cobertura de Accidentes Personales<\/span><\/p>\n<p><b>Teodolito y GPS de Campo &#8211; Doble reposici\u00f3n por $100.000<\/b><\/p>\n<p>&nbsp;<\/p>\n<h3><a href=\"http:\/\/www.mediterraneaseguros.com.ar\/index.php?p=contacto&amp;class=5\">Consultar costo mensual<\/a><\/h3>\n<p>&nbsp;<\/p>\n<p>&#8230;&#8230;&#8230;&#8230;&#8230;&#8230;&#8230;&#8230;&#8230;&#8230;&#8230;&#8230;&#8230;&#8230;&#8230;&#8230;&#8230;&#8230;&#8230;&#8230;&#8230;&#8230;&#8230;&#8230;&#8230;&#8230;&#8230;&#8230;&#8230;&#8230;&#8230;&#8230;&#8230;&#8230;&#8230;&#8230;&#8230;&#8230;&#8230;&#8230;&#8230;&#8230;&#8230;&#8230;&#8230;&#8230;&#8230;&#8230;&#8230;&#8230;&#8230;&#8230;&#8230;&#8230;&#8230;..<\/p>\n<h3><a href=\"http:\/\/www.mediterraneaseguros.com.ar\/index.php?p=contacto&amp;class=5\">Env\u00edenos su consulta pera recibir el costo mensual seg\u00fan<br \/>\nsuma asegurada de la Responsabilidad Civil Profesional.<\/a><\/h3>\n<p>[\/vc_column_text][\/vc_column][vc_column width=\u00bb1\/6&#8243; offset=\u00bbvc_hidden-sm vc_hidden-xs\u00bb][vc_single_image image=\u00bb343&#8243; border_color=\u00bbgrey\u00bb img_link_target=\u00bb_self\u00bb img_size=\u00bb50&#215;600&#8243; alignment=\u00bbright\u00bb][\/vc_column][\/vc_row][vc_row][vc_column width=\u00bb1\/1&#8243;][vc_empty_space height=\u00bb50px\u00bb][\/vc_column][\/vc_row]<\/p>\n","protected":false},"excerpt":{"rendered":"<p>[vc_row row_type=\u00bbrow\u00bb use_row_as_full_screen_section=\u00bbno\u00bb type=\u00bbfull_width\u00bb text_align=\u00bbleft\u00bb background_image_as_pattern=\u00bbwithout_pattern\u00bb][vc_column width=\u00bb5\/6&#8243;][vc_column_text] Colegio de Agrimensores de la Provincia de C\u00f3rdoba Convenio de Seguros de Contrataci\u00f3n Voluntaria [\/vc_column_text][vc_separator type=\u00bbnormal\u00bb position=\u00bbcenter\u00bb down=\u00bb30&#8243;][vc_column_text]El Colegio de Agrimensores de la Provincia de C\u00f3rdoba firm\u00f3 un nuevo convenio con Mediterr\u00e1nea Sequeira Broker de Seguros que le&#8230;<\/p>\n","protected":false},"author":2,"featured_media":0,"parent":0,"menu_order":0,"comment_status":"closed","ping_status":"closed","template":"","meta":{"footnotes":""},"_links":{"self":[{"href":"http:\/\/mediterraneaseguros.com.ar\/site\/wp-json\/wp\/v2\/pages\/467"}],"collection":[{"href":"http:\/\/mediterraneaseguros.com.ar\/site\/wp-json\/wp\/v2\/pages"}],"about":[{"href":"http:\/\/mediterraneaseguros.com.ar\/site\/wp-json\/wp\/v2\/types\/page"}],"author":[{"embeddable":true,"href":"http:\/\/mediterraneaseguros.com.ar\/site\/wp-json\/wp\/v2\/users\/2"}],"replies":[{"embeddable":true,"href":"http:\/\/mediterraneaseguros.com.ar\/site\/wp-json\/wp\/v2\/comments?post=467"}],"version-history":[{"count":12,"href":"http:\/\/mediterraneaseguros.com.ar\/site\/wp-json\/wp\/v2\/pages\/467\/revisions"}],"predecessor-version":[{"id":808,"href":"http:\/\/mediterraneaseguros.com.ar\/site\/wp-json\/wp\/v2\/pages\/467\/revisions\/808"}],"wp:attachment":[{"href":"http:\/\/mediterraneaseguros.com.ar\/site\/wp-json\/wp\/v2\/media?parent=467"}],"curies":[{"name":"wp","href":"https:\/\/api.w.org\/{rel}","templated":true}]}}