{"id":457,"date":"2016-01-11T16:57:41","date_gmt":"2016-01-11T16:57:41","guid":{"rendered":"http:\/\/mediterraneaseguros.com.ar\/site\/?page_id=457"},"modified":"2016-05-10T13:58:17","modified_gmt":"2016-05-10T13:58:17","slug":"formularios-de-caucion-de-alquileres","status":"publish","type":"page","link":"http:\/\/mediterraneaseguros.com.ar\/site\/formularios-de-caucion-de-alquileres\/","title":{"rendered":"Formularios de Cauci\u00f3n de Alquileres"},"content":{"rendered":"<p>[vc_row row_type=\u00bbrow\u00bb use_row_as_full_screen_section=\u00bbno\u00bb type=\u00bbfull_width\u00bb text_align=\u00bbleft\u00bb background_image_as_pattern=\u00bbwithout_pattern\u00bb][vc_column width=\u00bb5\/6&#8243;][vc_column_text]<\/p>\n<h2>Colegio de Corredores P\u00fablicos Inmobiliarios<\/h2>\n<h3>Formularios de Cauci\u00f3n de Alquileres<\/h3>\n<p>[\/vc_column_text][vc_separator type=\u00bbnormal\u00bb position=\u00bbcenter\u00bb down=\u00bb30&#8243;][vc_column_text]<\/p>\n<p><a href=\"http:\/\/www.mediterraneaseguros.com.ar\/descargas\/aval%20garantia-alquiler%20primer%20hogar.pdf\" target=\"_new\">Aval Garantia &#8211; Alquiler primer hogar<\/a><img loading=\"lazy\" decoding=\"async\" src=\"http:\/\/www.mediterraneaseguros.com.ar\/images\/linea-01.jpg\" alt=\"\" width=\"613\" height=\"6\" \/><a href=\"http:\/\/www.mediterraneaseguros.com.ar\/descargas\/calificacion%20del%20tomador%20garantia%20alquiler%20primer%20hogar.pdf\" target=\"_new\">Calificaci\u00f3n del tomador garantia alquiler primer hogar<\/a><img loading=\"lazy\" decoding=\"async\" src=\"http:\/\/www.mediterraneaseguros.com.ar\/images\/linea-01.jpg\" alt=\"\" width=\"613\" height=\"6\" \/><a href=\"http:\/\/www.mediterraneaseguros.com.ar\/descargas\/carta%20presentacion%20garantia%20alquiler%20hogar.pdf\" target=\"_new\">Carta presentaci\u00f3n garant\u00eda alquiler hogar<\/a><img loading=\"lazy\" decoding=\"async\" src=\"http:\/\/www.mediterraneaseguros.com.ar\/images\/linea-01.jpg\" alt=\"\" width=\"613\" height=\"6\" \/><a href=\"http:\/\/www.mediterraneaseguros.com.ar\/descargas\/caucion%20alquileres.pptx\" target=\"_new\">Cauci\u00f3n alquileres<\/a><img loading=\"lazy\" decoding=\"async\" src=\"http:\/\/www.mediterraneaseguros.com.ar\/images\/linea-01.jpg\" alt=\"\" width=\"613\" height=\"6\" \/><a href=\"http:\/\/www.mediterraneaseguros.com.ar\/descargas\/clausula%20anexo%20al%20contrato%20de%20alquiler.doc\" target=\"_new\">Clausula anexo al contrato de alquiler<\/a><img loading=\"lazy\" decoding=\"async\" src=\"http:\/\/www.mediterraneaseguros.com.ar\/images\/linea-01.jpg\" alt=\"\" width=\"613\" height=\"6\" \/><a href=\"http:\/\/www.mediterraneaseguros.com.ar\/descargas\/clausula%20contrato%20de%20alquiler-1.pdf\" target=\"_new\">Clausula contrato de alquiler-1<\/a><img loading=\"lazy\" decoding=\"async\" src=\"http:\/\/www.mediterraneaseguros.com.ar\/images\/linea-01.jpg\" alt=\"\" width=\"613\" height=\"6\" \/><a href=\"http:\/\/www.mediterraneaseguros.com.ar\/descargas\/cobertura%20y%20exclusiones.jpg\" target=\"_new\">Cobertura y exclusiones<\/a><img loading=\"lazy\" decoding=\"async\" src=\"http:\/\/www.mediterraneaseguros.com.ar\/images\/linea-01.jpg\" alt=\"\" width=\"613\" height=\"6\" \/><a href=\"http:\/\/www.mediterraneaseguros.com.ar\/descargas\/costos%20y%20requisitos.jpg\" target=\"_new\">Costos y requisitos<\/a><img loading=\"lazy\" decoding=\"async\" src=\"http:\/\/www.mediterraneaseguros.com.ar\/images\/linea-01.jpg\" alt=\"\" width=\"613\" height=\"6\" \/><a href=\"http:\/\/www.mediterraneaseguros.com.ar\/descargas\/ddjj%20sobre%20condicion%20de%20persona%20politicamente%20expuesta.pdf\" target=\"_new\">DDJJ sobre condici\u00f3n de persona politicamente expuesta<\/a><img loading=\"lazy\" decoding=\"async\" src=\"http:\/\/www.mediterraneaseguros.com.ar\/images\/linea-01.jpg\" alt=\"\" width=\"613\" height=\"6\" \/><a href=\"http:\/\/www.mediterraneaseguros.com.ar\/descargas\/debito%20automatico.pdf\" target=\"_new\">D\u00e9bito autom\u00e1tico<\/a><img loading=\"lazy\" decoding=\"async\" src=\"http:\/\/www.mediterraneaseguros.com.ar\/images\/linea-01.jpg\" alt=\"\" width=\"613\" height=\"6\" \/><a href=\"http:\/\/www.mediterraneaseguros.com.ar\/descargas\/solicitud%20caucion%20alquileres%20particulares%20garantia%20alquiler%20primer%20hogar.pdf\" target=\"_new\">Solicitud cauci\u00f3n alquileres particulares garant\u00eda alquiler primer hogar<\/a><img loading=\"lazy\" decoding=\"async\" src=\"http:\/\/www.mediterraneaseguros.com.ar\/images\/linea-01.jpg\" alt=\"\" width=\"613\" height=\"6\" \/><a href=\"http:\/\/www.mediterraneaseguros.com.ar\/descargas\/tarjeta%20de%20credito.pdf\" target=\"_new\">Tarjeta de cr\u00e9dito<\/a><img loading=\"lazy\" decoding=\"async\" src=\"http:\/\/www.mediterraneaseguros.com.ar\/images\/linea-01.jpg\" alt=\"\" width=\"613\" height=\"6\" \/><\/p>\n<p>[\/vc_column_text][\/vc_column][vc_column width=\u00bb1\/6&#8243; offset=\u00bbvc_hidden-sm vc_hidden-xs\u00bb][vc_single_image image=\u00bb343&#8243; border_color=\u00bbgrey\u00bb img_link_target=\u00bb_self\u00bb img_size=\u00bb50&#215;700&#8243; alignment=\u00bbright\u00bb][\/vc_column][\/vc_row][vc_row][vc_column width=\u00bb1\/1&#8243;][vc_empty_space height=\u00bb50px\u00bb][\/vc_column][\/vc_row]<\/p>\n","protected":false},"excerpt":{"rendered":"<p>[vc_row row_type=\u00bbrow\u00bb use_row_as_full_screen_section=\u00bbno\u00bb type=\u00bbfull_width\u00bb text_align=\u00bbleft\u00bb background_image_as_pattern=\u00bbwithout_pattern\u00bb][vc_column width=\u00bb5\/6&#8243;][vc_column_text] Colegio de Corredores P\u00fablicos Inmobiliarios Formularios de Cauci\u00f3n de Alquileres [\/vc_column_text][vc_separator type=\u00bbnormal\u00bb position=\u00bbcenter\u00bb down=\u00bb30&#8243;][vc_column_text] Aval Garantia &#8211; Alquiler primer hogarCalificaci\u00f3n del tomador garantia alquiler primer hogarCarta presentaci\u00f3n garant\u00eda alquiler hogarCauci\u00f3n alquileresClausula anexo al contrato de alquilerClausula contrato de&#8230;<\/p>\n","protected":false},"author":2,"featured_media":0,"parent":0,"menu_order":0,"comment_status":"closed","ping_status":"closed","template":"","meta":{"footnotes":""},"_links":{"self":[{"href":"http:\/\/mediterraneaseguros.com.ar\/site\/wp-json\/wp\/v2\/pages\/457"}],"collection":[{"href":"http:\/\/mediterraneaseguros.com.ar\/site\/wp-json\/wp\/v2\/pages"}],"about":[{"href":"http:\/\/mediterraneaseguros.com.ar\/site\/wp-json\/wp\/v2\/types\/page"}],"author":[{"embeddable":true,"href":"http:\/\/mediterraneaseguros.com.ar\/site\/wp-json\/wp\/v2\/users\/2"}],"replies":[{"embeddable":true,"href":"http:\/\/mediterraneaseguros.com.ar\/site\/wp-json\/wp\/v2\/comments?post=457"}],"version-history":[{"count":10,"href":"http:\/\/mediterraneaseguros.com.ar\/site\/wp-json\/wp\/v2\/pages\/457\/revisions"}],"predecessor-version":[{"id":779,"href":"http:\/\/mediterraneaseguros.com.ar\/site\/wp-json\/wp\/v2\/pages\/457\/revisions\/779"}],"wp:attachment":[{"href":"http:\/\/mediterraneaseguros.com.ar\/site\/wp-json\/wp\/v2\/media?parent=457"}],"curies":[{"name":"wp","href":"https:\/\/api.w.org\/{rel}","templated":true}]}}