{"id":438,"date":"2016-01-04T18:44:07","date_gmt":"2016-01-04T18:44:07","guid":{"rendered":"http:\/\/mediterraneaseguros.com.ar\/site\/?page_id=438"},"modified":"2016-05-13T12:21:27","modified_gmt":"2016-05-13T12:21:27","slug":"preguntas-frecuentes","status":"publish","type":"page","link":"http:\/\/mediterraneaseguros.com.ar\/site\/preguntas-frecuentes\/","title":{"rendered":"Preguntas frecuentes"},"content":{"rendered":"<p>[vc_row row_type=\u00bbrow\u00bb use_row_as_full_screen_section=\u00bbno\u00bb type=\u00bbfull_width\u00bb text_align=\u00bbleft\u00bb background_image_as_pattern=\u00bbwithout_pattern\u00bb][vc_column width=\u00bb5\/6&#8243;][vc_column_text]<\/p>\n<h2>Colegio de Ingenieros Civiles de la Provincia de C\u00f3rdoba<\/h2>\n<h3>Preguntas frecuentes<\/h3>\n<p>[\/vc_column_text][vc_separator type=\u00bbnormal\u00bb position=\u00bbcenter\u00bb down=\u00bb30&#8243;][vc_column_text]Este contrato, fue convenido entre <b>MERCANTIL ANDINA S.A.<\/b> y el <b>COLEGIO DE INGENIEROS CIVILES DE LA PROVINCIA DE C\u00d3RDOBA<\/b>.<br \/>\nLos alcances de la cobertura contratada se encuentran detallados en las Condiciones Generales y Particulares que se anexan e integran la p\u00f3liza mencionada, las que han sido convenidas para ser ejecutadas de buena fe.<br \/>\nUsted en tanto profesional asegurado, podr\u00e1 solicitar informaci\u00f3n ante la Superintendencia de Seguros de la Naci\u00f3n con relaci\u00f3n a la situaci\u00f3n econ\u00f3mica financiera de, <b>MERCANTIL ANDINA S.A.<\/b> su entidad aseguradora, dirigi\u00e9ndose personalmente \u00f3 por nota a Julio A. Roca 721(CC1067), Ciudad de Buenos Aires, a los tel\u00e9fonos (011) 4338-4000, en horario de 10:30 a 17:30 (Resoluci\u00f3n 24.868) \u00f3 v\u00eda Internet a www.ssn.gov.ar<br \/>\nPara conocer los alcances de la cobertura contratada, a continuaci\u00f3n le acercamos una gu\u00eda r\u00e1pida que describe las principales caracter\u00edsticas de su p\u00f3liza.<\/p>\n<p>&nbsp;<\/p>\n<h3>\u00bfQu\u00e9 vigencia tiene esta p\u00f3liza?<\/h3>\n<p>La vigencia es anual.<\/p>\n<p>&nbsp;<\/p>\n<h3>\u00bfQui\u00e9n es el contratante de la p\u00f3liza?<\/h3>\n<p>El contratante o tomador del seguro es el <b>COLEGIO DE INGENIEROS CIVILES DE LA PROVINCIA DE C\u00d3RDOBA<\/b>, titular de la p\u00f3liza quien celebra el convenio con <b>MERCANTIL ANDINA S.A.<\/b><\/p>\n<p>&nbsp;<\/p>\n<h3>\u00bfA qui\u00e9nes asegura esta p\u00f3liza?<\/h3>\n<p>Los asegurados en esta p\u00f3liza son los profesionales colegiados de acuerdo a la n\u00f3mina que est\u00e1 en poder de<b>MERCANTIL ANDINA S.A<\/b>. y que es actualizada y provista mensualmente por el <b>COLEGIO DE INGENIEROS CIVILES DE LA PROVINCIA DE C\u00d3RDOBA.<\/b><\/p>\n<p>&nbsp;<\/p>\n<h3>\u00bfCu\u00e1l es el alcance de la cobertura?<\/h3>\n<p>Cubre al Asegurado Ingeniero) por cuanto deba a un tercero en raz\u00f3n de la responsabilidad civil incurrida exclusivamente como:<\/p>\n<p>-Consecuencia de cualquier acto derivado de la prestaci\u00f3n de servicios profesionales para los cuales el Asegurado este debidamente habilitado<br \/>\n-Ocurrido durante la vigencia de la p\u00f3liza y hasta el l\u00edmite de la suma asegurada<br \/>\n-Y en el ejercicio de la especialidad para la que el Asegurado est\u00e1 habilitado a ejercer<\/p>\n<p>&nbsp;<\/p>\n<h3>\u00bfCu\u00e1l es el riesgo cubierto?<\/h3>\n<p>Esta p\u00f3liza cubre \u00fanicamente la Responsabilidad Civil Contractual del Asegurado derivada del art\u00edculo 1708 del C\u00f3digo Civil, respecto de consecuencias que se exteriorizaran a partir del momento en que el comitente o due\u00f1o reciba de conformidad las tareas realizadas por los Profesionales, circunstancia \u00e9sta que el asegurado deber\u00e1 acreditar fehacientemente ante el Asegurador y sujeto a las condiciones, alcances, l\u00edmites y exclusiones de cobertura establecidos en el contrato de seguro.<br \/>\nEs condici\u00f3n para esta cobertura que la\/s obra\/s objeto del seguro se inicie\/n simult\u00e1neamente con el comienzo de vigencia de esta p\u00f3liza, a menos que se haya dejado expresa constancia de su previa iniciaci\u00f3n, individualizaci\u00f3n de los trabajos realizados en la\/s obra\/s y su grado de avance.<\/p>\n<p><strong>a)<\/strong> que el ACTO CULPOSO del Asegurado que ocasiona el da\u00f1o haya ocurrido durante el periodo de vigencia de la presente P\u00f3liza o durante la\u00a0 RETROACTIVIDAD y<br \/>\n<strong>b)<\/strong> que el damnificado o sus derechohabientes formulen su RECLAMO y lo notifique fehacientemente por escrito durante el periodo de vigencia de esta P\u00f3liza, su Renovaci\u00f3n o durante el PERIODO de EXTENSI\u00d3N DE DENUNCIAS.<\/p>\n<p><b>ACTO CULPOSO:<\/b> es todo y cualquier acto, error u omisi\u00f3n incluyendo incumplimiento de obligaciones profesionales, negligencia, imprudencia, impericia-, ocasionado por el ASEGURADO que le produzca o pueda producir DA\u00d1OS y PERJUICIOS a UN CLIENTE O A UN TERCERO como consecuencia de su Responsabilidad Civil Contractual en el marco de su Actividad Profesional y que pueda generar un RECLAMO contra el ASEGURADO, cometido DENTRO DE LA VIGENCIA DE LA P\u00d3LIZA O EL PERIODO RETROACTIVO, si corresponde, y siempre que el reclamo econ\u00f3mico se haya formulado y notificado en forma fehaciente al Asegurador durante el per\u00edodo de vigencia de la p\u00f3liza o dentro de los dos (2) a\u00f1os siguientes al vencimiento o rescisi\u00f3n de dicha p\u00f3liza, y tanto en la JURISDICCI\u00d3N dentro de la cual el Asegurado est\u00e9 legal y administrativamente habilitado para el ejercicio.<\/p>\n<p>&nbsp;<\/p>\n<h3>\u00bfQui\u00e9nes son considerados terceros?<\/h3>\n<p>Cualquier cliente contratante sea persona f\u00edsica o jur\u00eddica.<\/p>\n<p><span class=\"social-slogan\">\u00bfQu\u00e9 es una Responsabilidad Civil Contractual y una Extracontractual?<\/span><\/p>\n<p><strong>Responsabilidad Civil Contractual:<\/strong> surge cuando hay un acuerdo previo entre las partes, que genera obligaciones con uno que no las cumple debidamente y otro que sufre un da\u00f1o.<br \/>\n<strong>Responsabilidad Civil Extracontractual:<\/strong>se produce entre dos personas que no tienen previa obligaci\u00f3n especial convenida. Donde cualquier acci\u00f3n u omisi\u00f3n de una parte produce un da\u00f1o a la otra.<\/p>\n<p>&nbsp;<\/p>\n<h3>\u00bfCu\u00e1l es el \u00e1mbito de la cobertura?<\/h3>\n<p>Se cubre tanto la actividad p\u00fablica como la privada que se desarrolle dentro del territorio nacional.<\/p>\n<p>&nbsp;<\/p>\n<h3>\u00bfCu\u00e1les son las principales caracter\u00edsticas de una cobertura de Responsabilidad Civil Profesional?<\/h3>\n<p>Existen dos tipos de cobertura para la Responsabilidad Civil Profesional. Ellas son:<br \/>\n<strong>Base Reclamo:<\/strong> Desde que se contrata esta cobertura y mientras se encuentre en vigencia, cubre todos los reclamos reportados y que resulten de actos cometidos desde el inicio de la cobertura o afiliaci\u00f3n (fecha de retroactividad). La Compa\u00f1\u00eda toma la suma asegurada a la fecha del reclamo, no del evento.<br \/>\n<strong>Base Ocurrencia:<\/strong> cubre los reclamos que resultan de actos cometidos durante el periodo de cobertura, sin importar cu\u00e1ndo se formulen dichos reclamos. La Compa\u00f1\u00eda toma la suma asegurada a la fecha del evento que provoca el da\u00f1o.<\/p>\n<p>&nbsp;<\/p>\n<h3>\u00bfQu\u00e9 tipo de cobertura tiene la p\u00f3liza contratada con Mercantil Andina S.A. y por el Colegio de Ingenieros Civiles de la Provincia de C\u00f3rdoba?<\/h3>\n<p>La modalidad de la cobertura es <strong>\u201cBase Reclamo\u201d<\/strong>. La misma, permite al Tomador de la p\u00f3liza (Colegio de Ingenieros) en cada renovaci\u00f3n del convenio, ajustar progresivamente los l\u00edmites de indemnizaci\u00f3n. Esta es la ventaja principal de esta cobertura, ya que la suma asegurada vigente al momento de la prestaci\u00f3n del reclamo, ser\u00e1 la que afronte el siniestro, aunque el mismo corresponda a un hecho ocurrido a\u00f1os atr\u00e1s, dentro del per\u00edodo de retroactividad, y con una p\u00f3liza tomada con una suma asegurada inferior.<br \/>\nLa cobertura Base Reclamo le brindar\u00e1 una adecuada protecci\u00f3n. As\u00ed, como el costo de los reclamos va variando en el tiempo, esta modalidad de cobertura permite ajustar los l\u00edmites de indemnizaci\u00f3n en cada renovaci\u00f3n y en relaci\u00f3n a esos cambios.<\/p>\n<p>&nbsp;<\/p>\n<h3>\u00bfQu\u00e9 es la fecha de retroactividad?<\/h3>\n<p>El d\u00eda en quecomience su cobertura de seguros (alta \u00f3 ingreso en la n\u00f3mina de profesionales asegurados) ser\u00e1 su fecha retroactiva. Esto quiere decir que estar\u00e1 cubierto frente a cualquier hecho o\u00a0 acto ocurrido y reportado luego de esa fecha. Al final de cada per\u00edodo de cobertura cuando se renueve el contrato, su fecha de retroactividad no cambiar\u00e1.<\/p>\n<p>&nbsp;<\/p>\n<h3>\u00bfHasta que suma asegurada responde la p\u00f3liza por cada profesional?<\/h3>\n<p>Si durante la vigencia de la p\u00f3liza se produjeran reclamos de terceros a consecuencia de distintos actos profesionales, el Asegurador responder\u00e1 por todo concepto de indemnizaci\u00f3n, costas, gastos, intereses y honorarios hasta la suma especificada en la p\u00f3liza para cada Profesional ($ 160.000).<\/p>\n<p>&nbsp;<\/p>\n<h3>\u00bfPuedo aumentar la suma asegurada de mi p\u00f3liza?<\/h3>\n<p>El seguro de responsabilidad civil profesional cubre hasta el l\u00edmite de suma asegurada, quedando cualquier excedente de los reclamos y\/o Juicios a cargo del Profesional afectando su patrimonio.<br \/>\nSi Ud. Considera que la suma asegurada contratada no es suficiente para cubrir su grado de exposici\u00f3n al riesgo puede de manera voluntaria contratar una suma asegurada adicional<\/p>\n<p>&nbsp;<\/p>\n<table border=\"1\" cellspacing=\"0\" cellpadding=\"0\">\n<tbody>\n<tr>\n<td valign=\"top\" width=\"91\"><strong>Suma Asegurada<\/strong><\/td>\n<td valign=\"top\" width=\"98\">\n<p align=\"center\">$ 160.000<strong>\u00a0<\/strong><\/p>\n<\/td>\n<td valign=\"top\" width=\"83\">\n<p align=\"center\">+ Adicional<br \/>\n$ 100.000<\/p>\n<\/td>\n<td valign=\"top\" width=\"95\">\n<p align=\"center\">+ Adicional<br \/>\n$ 200.000<\/p>\n<\/td>\n<td valign=\"top\" width=\"94\">\n<p align=\"center\">+ Adicional<br \/>\n$ 300.000<\/p>\n<\/td>\n<td valign=\"top\" width=\"95\">\n<p align=\"center\">+ Adicional<br \/>\n$ 400.000<\/p>\n<\/td>\n<td valign=\"top\" width=\"95\">\n<p align=\"center\">+ Adicional<br \/>\n$ 500.000<\/p>\n<\/td>\n<\/tr>\n<tr>\n<td valign=\"top\" width=\"91\"><strong>Costo<\/strong><\/td>\n<td valign=\"top\" width=\"98\">\n<p align=\"center\">P\u00f3liza contratada por el<u>Colegio Ingenieros Civiles de la Pcia de C\u00f3rdoba<\/u><\/p>\n<\/td>\n<td valign=\"top\" width=\"83\">\n<p align=\"center\">Profesional<br \/>\nVoluntario<br \/>\n(mensual)<br \/>\n$ 48,21<\/p>\n<\/td>\n<td valign=\"top\" width=\"95\">\n<p align=\"center\">\u00a0Profesional<br \/>\nVoluntario<br \/>\n(mensual)<br \/>\n$ 76,58<\/p>\n<\/td>\n<td valign=\"top\" width=\"94\">\n<p align=\"center\">Profesional<br \/>\nVoluntario<br \/>\n(mensual)<br \/>\n$ 90,94<\/p>\n<\/td>\n<td valign=\"top\" width=\"95\">\n<p align=\"center\">Profesional<br \/>\nVoluntario<br \/>\n(mensual)<br \/>\n$ 106,00<\/p>\n<\/td>\n<td valign=\"top\" width=\"95\">\n<p align=\"center\">Profesional<br \/>\nVoluntario<br \/>\n(mensual)<br \/>\n$ 121,66<\/p>\n<\/td>\n<\/tr>\n<tr>\n<td valign=\"top\" width=\"91\"><strong>Total de Suma Asegurada<\/strong><\/td>\n<td valign=\"top\" width=\"98\">\n<p align=\"center\">SIN COSTO<\/p>\n<\/td>\n<td valign=\"top\" width=\"83\">\n<p align=\"center\">$ 260.000<\/p>\n<\/td>\n<td valign=\"top\" width=\"95\">\n<p align=\"center\">$ 360.000<\/p>\n<\/td>\n<td valign=\"top\" width=\"94\">\n<p align=\"center\">$ 460.000<\/p>\n<\/td>\n<td valign=\"top\" width=\"95\">\n<p align=\"center\">$ 560.000<\/p>\n<\/td>\n<td valign=\"top\" width=\"95\">\n<p align=\"center\">$ 660.000<\/p>\n<\/td>\n<\/tr>\n<tr>\n<td valign=\"top\" width=\"91\"><strong>P\u00f3liza Adicional<\/strong><br \/>\n<strong>Marcar (X)<\/strong><\/td>\n<td valign=\"top\" width=\"98\">\n<p align=\"center\">SIN COSTO<\/p>\n<\/td>\n<td valign=\"top\" width=\"83\">\n<p align=\"center\"><strong>\u00a0<\/strong><\/p>\n<\/td>\n<td valign=\"top\" width=\"95\">\n<p align=\"center\"><strong>\u00a0<\/strong><\/p>\n<\/td>\n<td valign=\"top\" width=\"94\">\n<p align=\"center\"><strong>\u00a0<\/strong><\/p>\n<\/td>\n<td valign=\"top\" width=\"95\">\n<p align=\"center\"><strong>\u00a0<\/strong><\/p>\n<\/td>\n<td valign=\"top\" width=\"95\">\n<p align=\"center\"><strong>\u00a0<\/strong><\/p>\n<\/td>\n<\/tr>\n<\/tbody>\n<\/table>\n<p>&nbsp;<\/p>\n<h3>\u00bfExiste un l\u00edmite para la suma asegurada?<\/h3>\n<p>No existe l\u00edmite para la contrataci\u00f3n de suma asegurada adicional, si Ud. necesita contar con una suma superior a la expresada en el cuadro anterior solo debe contactarse con nuestro Ejecutivo de Cuentas a los efectos de que, en conjunto, determine su grado de exposici\u00f3n al riesgo con el objeto de obtener una suma asegurada acorde al mismo<\/p>\n<p>&nbsp;<\/p>\n<h3>\u00bfCu\u00e1les son los pasos a seguir para la contrataci\u00f3n de la suma asegurada adicional?<\/h3>\n<p>Contact\u00e1ndonos a trav\u00e9s de:<br \/>\n-P\u00e1gina web, <a href=\"http:\/\/www.mediterraneaseguros.com.ar\/\"><strong>www.mediterraneaseguros.com.ar<\/strong><\/a><br \/>\n-Facebook<br \/>\n-Mail<a href=\"mailto:sequeirabroker@mediterraneaseguros.com.ar.ar\"><strong>sequeirabroker@mediterraneaseguros.com.ar.ar<\/strong><\/a><br \/>\n-Tel\u00e9fonos<strong>: 0351-4257908\/4820220<\/strong><br \/>\n-Ejecutivo de Cuentas asignado para tal fin, <strong>Lic. IRMA CONTI, <\/strong><a href=\"mailto:iconti@mediterraneaseguros.com.ar.ar\"><strong>iconti@mediterraneaseguros.com.ar.ar<\/strong><\/a>,<strong>Cel: 0351-156170323<\/strong><\/p>\n<p>&nbsp;<\/p>\n<h3>\u00bfQu\u00e9 es la reposici\u00f3n de la suma asegurada?<\/h3>\n<p>Si durante la vigencia de la p\u00f3liza y en consecuencia de reclamos de terceros se utilizara el 100 % de la suma asegurada el Asegurador repondr\u00e1 hasta una vez la suma asegurada contratada para afrontar futuros reclamos.<br \/>\nCabe destacar que dicha reposici\u00f3n de suma asegurada no es acumulable para afrontar reclamos que superen la suma asegurada, si no que cada evento se afronta hasta la suma vigente en el momento de la p\u00f3liza.<\/p>\n<p>&nbsp;<\/p>\n<h3>De existir un siniestro a indemnizar. \u00bfExiste participaci\u00f3n del profesional en la indemnizaci\u00f3n?<\/h3>\n<p>La p\u00f3liza posee una Franquicia Deducible en pesos por cada reclamo, los que estar\u00e1n a cargo del profesional asegurado, la misma es del 10 % del monto a indemnizar con un m\u00ednimo del 1 % y un m\u00e1ximo del 5 %, ambos sobre la suma asegurada.Esto est\u00e1 expresado en las Condiciones Particulares de la p\u00f3liza y significa que Provincia Seguros S.A. se har\u00e1 cargo de la diferencia entre la indemnizaci\u00f3n total y el importe de la franquicia.<\/p>\n<p>&nbsp;<\/p>\n<h3>\u00bfQui\u00e9nes se encuentran\u00a0exclu\u00eddos de cobertura en caso de siniestro?<\/h3>\n<p>Se consideran como riesgos expresamente EXCLUIDOS DE LA COBERTURA QUE OTORGA LA PRESENTE P\u00d3LIZA los que se indican a continuaci\u00f3n y en consecuencia, el ASEGURADOR no cubre la RESPONSABILIDAD CIVIL del ASEGURADO por reclamos en los que directa o indirectamente se pretenda el resarcimiento de o que se funden, provengan <em>ylo<\/em>tengan su origen en:<br \/>\n<strong>1)<\/strong> La responsabilidad civil extracontractual del asegurado, incluida la Responsabilidad CIVIL Extracontractual objetiva o subjetiva que se le pueda atribuir en raz\u00f3n del ejercicio de su actividad profesional.<br \/>\n<strong>2)<\/strong> Da\u00f1os y perjuicios al c\u00f3nyuge del ASEGURADO, a parientes del mismo hasta el tercer grado de consanguinidad o afinidad o a personas que se encuentren en relaci\u00f3n de dependencia laboral con dicho ASEGURADO.<br \/>\n<strong>3)<\/strong> Da\u00f1os y perjuicios derivados del incumplimiento del secreto profesional por parte del Asegurado.<br \/>\n<strong>4)<\/strong> Da\u00f1os y perjuicios provocados por otras personas, que no est\u00e9n espec\u00edficamente cubiertos por esta p\u00f3liza, aunque hubieran colaborado y\/o participado con el ASEGURADO en los actos, hechos u omisiones que den lugar a la pretensi\u00f3n de los RECLAMANTES.<br \/>\n<strong>5)<\/strong> Da\u00f1os y perjuicios provocados por actos, hechos u omisiones prohibidos por las Leyes, Decretos y sus respectivas reglamentaciones.<br \/>\n<strong>6)<\/strong> Da\u00f1os y perjuicios originados por dolo o culpa grave del ASEGURADO.<br \/>\n<strong>7)<\/strong> Actos, hechos u omisiones ocurridos y amparados por coberturas otorgadas por otras aseguradoras, inclusive aquellas cuya vigencia hubiera expirado con anterioridad a la de la presente p\u00f3liza.<br \/>\n<strong>8)<\/strong> Hechos de guerra civil, internacional, rebeli\u00f3n, sedici\u00f3n o mot\u00edn, guerrilla o terrorismo, hechos de tumulto popular, huelga y eventos de naturaleza similar.<br \/>\n<strong>9)<\/strong> Actos, hechos u omisiones del ASEGURADO que hayan ocasionado da\u00f1os y perjuicios a LOS RECLAMANTES y que no hubiesen ocurrido durante la vigencia de la presente p\u00f3liza, seg\u00fan se establece en la cl\u00e1usula 2 de estas Condiciones Generales.<br \/>\n<strong>10)<\/strong> Pretensiones de LOS RECLAMANTES que no hayan sido fehacientemente notificadas por escrito al ASEGURADO dentro de la vigencia de la presente p\u00f3liza, seg\u00fan se establece en la cl\u00e1usula 2 de estas Condiciones Generales.<br \/>\n<strong>11)<\/strong> Da\u00f1os y perjuicios derivados de actos, hechos u omisiones realizados por el ASEGURADO que generen su responsabilidad y para los cuales no este habilitado profesionalmente.<br \/>\n<strong>12)<\/strong> Reclamos efectuados ante tribunales extranjeros, los derivados de la infracci\u00f3n o inobservancia del derecho extranjero y los que sean consecuencia de una actividad profesional realizada en el extranjero.<br \/>\n<strong>13)<\/strong> Da\u00f1os y perjuicios ocasionados por haberse inobservado y\/o desviado de las instrucciones de los clientes o de personas autorizadas por ellos, o da\u00f1os originados por incumplimientos contractuales.<br \/>\n<strong>14)<\/strong> Fallas de Caja, errores en pagos o infidelidad de los propios empleados del Asegurado.<br \/>\n<strong>15)<\/strong> La actividad del Asegurado como director, consejero, ejecutivo o en relaci\u00f3n de dependencia en empresas privadas, asociaciones o clubes, o como s\u00edndico o administrador de empresas.<br \/>\n<strong>16)<\/strong> Da\u00f1os patrimoniales causados por profesionales con titulaci\u00f3n superior al servicio del Asegurado.<br \/>\n<strong>17)<\/strong> Los reclamos derivados de hechos respecto de los cuales el ASEGURADO no haya llevado y conservado durante un m\u00ednimo de 5 a\u00f1os los documentos y registros de su Actividad Profesional.<\/p>\n<p>&nbsp;<\/p>\n<h2>IMPORTANTE<\/h2>\n<p>&nbsp;<\/p>\n<h3>\u00bfQu\u00e9 debo hacer en caso de tomar conocimiento de un posible evento cubierto bajo esta p\u00f3liza?<\/h3>\n<p><strong>1-<\/strong> Verifique que se trate de un cliente que Ud. Haya atendido.<br \/>\n<strong>2-<\/strong> Separe la documentaci\u00f3n del cliente (Proyecto, Planos, contrato, libro de obra). Este ser\u00e1 un elemento de prueba sumamente importante.<br \/>\n<strong>3-<\/strong> No altere ni modifique ning\u00fan documento relacionado con el cliente.<br \/>\n<strong>4-<\/strong> No efectuar ninguna confesi\u00f3n, aceptaci\u00f3n de hechos, con la \u00fanica excepci\u00f3n de aquellos efectuados en la interrogaci\u00f3n judicial, oferta, promesa de pago o indemnizaci\u00f3n sin el previo consentimiento por escrito del Asegurador. Deber\u00e1 denunciar el hecho del que podr\u00eda nacer su eventual responsabilidad dentro de los tres d\u00edas de conocido el mismo. La notificaci\u00f3n a la Aseguradora debe ser por escrito, la ocurrencia de cualquier hecho conocido, o que razonablemente deba conocer, del que por su importancia pudiera derivar un siniestro de Responsabilidad Civil Profesional.<br \/>\n<strong>5-<\/strong> <strong>Contactarse inmediatamente a:<\/strong><br \/>\n<strong>TE: 0351-4257908\/4820220\/153641132Sequeira Br\u00f3ker, mail:<\/strong><a href=\"mailto:sequeirabroker@mediterraneaseguros.com.ar.ar\"><strong>sequeirabroker@mediterraneaseguros.com.ar.ar<\/strong><\/a><br \/>\n<strong>6-<\/strong> Cuando se contacte con nuestras oficinas sea lo m\u00e1s claro y preciso posible, a fin de que nuestros asesores legales puedan cumplir con el objetivo de brindarle la mejor defensa.<\/p>\n<p>&nbsp;<\/p>\n<h3>\u00bfQu\u00e9 sucede con los reclamos en caso de baja de la p\u00f3liza?<\/h3>\n<p>En caso de baja o no renovaci\u00f3n de la p\u00f3liza Ud. como Asegurado tendr\u00e1 derecho a un per\u00edodo extendido de denuncia de dos a\u00f1os, esto significa que de recibir reclamos de un tercero hasta dos a\u00f1os posteriores a la fecha de baja de la p\u00f3liza el Asegurador atender\u00e1 el mismo teniendo como suma asegurada la que figurara en la p\u00f3liza al momento de la baja. Sin embargo puede Ud. solicitar un endoso por un per\u00edodo extendido denuncia mayor a dos a\u00f1os, para eso deber\u00e1 realizar el pedido formal en nuestras oficinas dentro de los 7 d\u00edas siguientes a la extinci\u00f3n del per\u00edodo del seguro, extendiendo as\u00ed su cobertura hasta 10 a\u00f1os que es el plazo legal m\u00e1ximo que tiene el tercero para efectuar reclamos, el mismo tiene un costo en la actual vigencia de la p\u00f3liza que detallamos a continuaci\u00f3n.<\/p>\n<table border=\"1\" cellspacing=\"0\" cellpadding=\"0\">\n<tbody>\n<tr>\n<td valign=\"top\" width=\"130\"><strong>Endoso de Extensi\u00f3n de Denuncia<\/strong><\/td>\n<td valign=\"top\" width=\"151\">Costo $ 185,28 m\u00e1s IVA \u00fanica cuota para los 10 a\u00f1os<\/td>\n<\/tr>\n<\/tbody>\n<\/table>\n<p>&nbsp;<\/p>\n<p><b>De esta manera el endoso cubrir\u00e1:<\/b><br \/>\n<strong>1-<\/strong> Los actos u omisiones imputables a la responsabilidad profesional del Asegurado que hayan ocurrido luego de la fecha de retroactividad o durante la vigencia de la p\u00f3liza no renovada; y<br \/>\n<strong>2-<\/strong> Que los reclamos sean efectuados y notificados con posterioridad a la vigencia de la p\u00f3liza no renovada.<\/p>\n<p>&nbsp;<\/p>\n<h3>\u00bfQu\u00e9 sucede en caso de\u00a0Juicio?<\/h3>\n<p>En cualquier mediaci\u00f3n o procedimiento judicial civil o penal o arbitral que se derive del acto culposo, el Asegurador tiene la facultad de asumir, a sus expensas, la direcci\u00f3n jur\u00eddica del proceso en la defensa del Reclamo, designando el o los Profesionales que representar\u00e1n al Asegurado.<br \/>\nComo Asegurado tiene la obligaci\u00f3n de prestar colaboraci\u00f3n necesaria para ejercer dicha defensa, comprometi\u00e9ndose a otorgar los poderes y la asistencia personal que fuesen necesarias y facilitar sin demora cuanta informaci\u00f3n y documentaci\u00f3n le sea requerida por el Asegurador.<br \/>\nEl Asegurador posee la facultad, no la obligaci\u00f3n de asumir la defensa, de no asumir dicha defensa, los honorarios razonables de los profesionales que designe Ud. Como Asegurado a tal fin ser\u00e1n a cargo del Asegurador en tanto y en cuanto hayan sido previamente aprobados.[\/vc_column_text][\/vc_column][vc_column width=\u00bb1\/6&#8243; offset=\u00bbvc_hidden-sm vc_hidden-xs\u00bb][vc_single_image image=\u00bb343&#8243; border_color=\u00bbgrey\u00bb img_link_target=\u00bb_self\u00bb img_size=\u00bb50&#215;16000&#8243; alignment=\u00bbright\u00bb][\/vc_column][\/vc_row][vc_row][vc_column width=\u00bb1\/1&#8243;][vc_empty_space height=\u00bb50px\u00bb][\/vc_column][\/vc_row]<\/p>\n","protected":false},"excerpt":{"rendered":"<p>[vc_row row_type=\u00bbrow\u00bb use_row_as_full_screen_section=\u00bbno\u00bb type=\u00bbfull_width\u00bb text_align=\u00bbleft\u00bb background_image_as_pattern=\u00bbwithout_pattern\u00bb][vc_column width=\u00bb5\/6&#8243;][vc_column_text] Colegio de Ingenieros Civiles de la Provincia de C\u00f3rdoba Preguntas frecuentes [\/vc_column_text][vc_separator type=\u00bbnormal\u00bb position=\u00bbcenter\u00bb down=\u00bb30&#8243;][vc_column_text]Este contrato, fue convenido entre MERCANTIL ANDINA S.A. y el COLEGIO DE INGENIEROS CIVILES DE LA PROVINCIA DE C\u00d3RDOBA. Los alcances de la cobertura&#8230;<\/p>\n","protected":false},"author":2,"featured_media":0,"parent":0,"menu_order":0,"comment_status":"closed","ping_status":"closed","template":"","meta":{"footnotes":""},"_links":{"self":[{"href":"http:\/\/mediterraneaseguros.com.ar\/site\/wp-json\/wp\/v2\/pages\/438"}],"collection":[{"href":"http:\/\/mediterraneaseguros.com.ar\/site\/wp-json\/wp\/v2\/pages"}],"about":[{"href":"http:\/\/mediterraneaseguros.com.ar\/site\/wp-json\/wp\/v2\/types\/page"}],"author":[{"embeddable":true,"href":"http:\/\/mediterraneaseguros.com.ar\/site\/wp-json\/wp\/v2\/users\/2"}],"replies":[{"embeddable":true,"href":"http:\/\/mediterraneaseguros.com.ar\/site\/wp-json\/wp\/v2\/comments?post=438"}],"version-history":[{"count":11,"href":"http:\/\/mediterraneaseguros.com.ar\/site\/wp-json\/wp\/v2\/pages\/438\/revisions"}],"predecessor-version":[{"id":801,"href":"http:\/\/mediterraneaseguros.com.ar\/site\/wp-json\/wp\/v2\/pages\/438\/revisions\/801"}],"wp:attachment":[{"href":"http:\/\/mediterraneaseguros.com.ar\/site\/wp-json\/wp\/v2\/media?parent=438"}],"curies":[{"name":"wp","href":"https:\/\/api.w.org\/{rel}","templated":true}]}}