{"id":4,"date":"2015-11-19T13:39:15","date_gmt":"2015-11-19T13:39:15","guid":{"rendered":"http:\/\/mediterraneaseguros.com.ar\/site\/?page_id=4"},"modified":"2022-08-05T18:52:52","modified_gmt":"2022-08-05T18:52:52","slug":"home","status":"publish","type":"page","link":"http:\/\/mediterraneaseguros.com.ar\/site\/","title":{"rendered":"home"},"content":{"rendered":"<p>[vc_row][vc_column][vc_empty_space height=\u00bb5&#8243;][\/vc_column][\/vc_row][vc_row background_color=\u00bb#ffffff\u00bb css=\u00bb.vc_custom_1559586291066{background-color: #ffffff !important;}\u00bb][vc_column width=\u00bb1\/6&#8243;][vc_separator]<span class=\"qode_icon_shortcode  q_font_awsome_icon fa-3x pull-center \" style=\" \"><a href=\"http:\/\/mediterraneaseguros.com.ar\/site\/seguros-de-autos\" target=\"\"><i class=\"fa fa-car\" style=\"color: #82a0bf;\"><\/i><\/a><\/span>[vc_column_text]<\/p>\n<h3 style=\"text-align: center;\"><a href=\"http:\/\/mediterraneaseguros.com.ar.ar\/site\/seguros-de-autos\">Seguro Automotor<\/a><\/h3>\n<p>[\/vc_column_text][vc_empty_space height=\u00bb15&#8243;][\/vc_column][vc_column width=\u00bb1\/6&#8243;][vc_separator]<span class=\"qode_icon_shortcode  q_font_awsome_icon fa-3x pull-center \" style=\" \"><a href=\"http:\/\/mediterraneaseguros.com.ar\/site\/seguros-para-el-hogar\" target=\"\"><i class=\"fa fa-laptop\" style=\"color: #82a0bf;\"><\/i><\/a><\/span>[vc_column_text]<\/p>\n<h3 style=\"text-align: center;\"><a href=\"http:\/\/mediterraneaseguros.com.ar.ar\/site\/seguros-para-el-hogar\">Seguro para el Hogar<\/a><\/h3>\n<p>[\/vc_column_text][vc_empty_space height=\u00bb15&#8243;][\/vc_column][vc_column width=\u00bb1\/6&#8243;][vc_separator]<span class=\"qode_icon_shortcode  q_font_awsome_icon fa-3x pull-center \" style=\" \"><a href=\"http:\/\/mediterraneaseguros.com.ar\/site\/seguro-de-vida\" target=\"\"><i class=\"fa fa-heart\" style=\"color: #82a0bf;\"><\/i><\/a><\/span>[vc_column_text]<\/p>\n<h3 style=\"text-align: center;\"><a href=\"http:\/\/mediterraneaseguros.com.ar.ar\/site\/seguro-de-vida\">Seguro de Vida<\/a><\/h3>\n<p>[\/vc_column_text][vc_empty_space height=\u00bb15&#8243;][\/vc_column][vc_column width=\u00bb1\/6&#8243;][vc_separator]<span class=\"qode_icon_shortcode  q_font_awsome_icon fa-3x pull-center \" style=\" \"><a href=\"http:\/\/mediterraneaseguros.com.ar\/site\/accidentes-personales\" target=\"\"><i class=\"fa fa-ambulance\" style=\"color: #82a0bf;\"><\/i><\/a><\/span>[vc_column_text]<\/p>\n<h3 style=\"text-align: center;\"><a href=\"http:\/\/mediterraneaseguros.com.ar.ar\/site\/accidentes-personales\">Accidentes Personales<\/a><\/h3>\n<p>[\/vc_column_text][vc_empty_space height=\u00bb15&#8243;][\/vc_column][vc_column width=\u00bb1\/6&#8243;][vc_separator]<span class=\"qode_icon_shortcode  q_font_awsome_icon fa-3x pull-center \" style=\" \"><a href=\"http:\/\/mediterraneaseguros.com.ar\/site\/seguro-de-caucion\" target=\"\"><i class=\"fa fa-smile-o\" style=\"color: #82a0bf;\"><\/i><\/a><\/span>[vc_column_text]<\/p>\n<h3 style=\"text-align: center;\"><a href=\"http:\/\/mediterraneaseguros.com.ar.ar\/site\/seguro-de-caucion\">Seguros de Cauci\u00f3n<\/a><\/h3>\n<p>[\/vc_column_text][vc_empty_space height=\u00bb15&#8243;][\/vc_column][vc_column width=\u00bb1\/6&#8243;][vc_separator]<span class=\"qode_icon_shortcode  q_font_awsome_icon fa-3x pull-center \" style=\" \"><a href=\"http:\/\/mediterraneaseguros.com.ar\/site\/art\" target=\"\"><i class=\"fa fa-building\" style=\"color: #82a0bf;\"><\/i><\/a><\/span>[vc_column_text]<\/p>\n<h3 style=\"text-align: center;\"><a href=\"http:\/\/mediterraneaseguros.com.ar.ar\/site\/art\">ART<\/a><\/h3>\n<p>[\/vc_column_text][vc_empty_space height=\u00bb15&#8243;][\/vc_column][\/vc_row][vc_row][vc_column][vc_empty_space height=\u00bb20px\u00bb][vc_separator down=\u00bb12&#8243;][\/vc_column][\/vc_row][vc_row][vc_column width=\u00bb1\/3&#8243;][vc_single_image image=\u00bb20&#8243; img_size=\u00bb600&#215;180&#8243; alignment=\u00bbright\u00bb onclick=\u00bbcustom_link\u00bb qode_css_animation=\u00bbelement_from_left\u00bb link=\u00bbhttp:\/\/mediterraneaseguros.com.ar.ar\/site\/que-hacer-en-caso-de-siniestro\u00bb][vc_column_text]<\/p>\n<h2 style=\"text-align: left;\">Qu\u00e9 hacer en caso de siniestro?<\/h2>\n<p>[\/vc_column_text][vc_column_text]<\/p>\n<p>\u00bfC\u00f3mo actuar en caso de Siniestros? \u00bfQu\u00e9 documentaci\u00f3n debe presentar? Encuentre aqu\u00ed toda la informaci\u00f3n que necesita<\/p>\n<p>[\/vc_column_text][vc_empty_space height=\u00bb30&#8243;][\/vc_column][vc_column width=\u00bb1\/3&#8243;][vc_single_image image=\u00bb29&#8243; img_size=\u00bb600&#215;180&#8243; alignment=\u00bbright\u00bb onclick=\u00bbcustom_link\u00bb qode_css_animation=\u00bbelement_from_left\u00bb link=\u00bbhttp:\/\/mediterraneaseguros.com.ar.ar\/site\/solicitud-de-certificado-de-cobertura\u00bb][vc_column_text]<\/p>\n<h2 style=\"text-align: left;\">Solicite su Certificado de Cobertura<\/h2>\n<p>[\/vc_column_text][vc_column_text]<\/p>\n<p>Llene un simple formulario con los datos requeridos y a la brevedad le enviaremos su Certificado de Cobertura<\/p>\n<p>[\/vc_column_text][vc_empty_space height=\u00bb30&#8243;][\/vc_column][vc_column width=\u00bb1\/3&#8243;][vc_single_image image=\u00bb38&#8243; img_size=\u00bb600&#215;180&#8243; alignment=\u00bbright\u00bb onclick=\u00bbcustom_link\u00bb qode_css_animation=\u00bbelement_from_left\u00bb link=\u00bbhttp:\/\/mediterraneaseguros.com.ar.ar\/site\/cotice-su-seguro-automotor\u00bb][vc_column_text]<\/p>\n<h2 style=\"text-align: left;\">Cotice su seguro<\/h2>\n<h2 style=\"text-align: left;\">AUTOMOTOR<\/h2>\n<p>[\/vc_column_text][vc_column_text]<\/p>\n<p>Llene un simple formulario con los datos requeridos y a la brevedad le enviaremos su Certificado de Cobertura<\/p>\n<p>[\/vc_column_text][vc_empty_space height=\u00bb30&#8243;][\/vc_column][\/vc_row][vc_row row_type=\u00bbparallax\u00bb background_image=\u00bb919&#8243; section_height=\u00bb240&#8243;][vc_column css=\u00bb.vc_custom_1479126216228{padding-top: 50px !important;padding-left: 50px !important;}\u00bb][vc_row_inner][vc_column_inner][vc_column_text]<\/p>\n<h2><span style=\"color: #ffffff;\">Ahora&#8230; m\u00e1s cerca suyo<\/span><\/h2>\n<p>[\/vc_column_text][vc_empty_space height=\u00bb16px\u00bb]<a href=\"http:\/\/mediterraneaseguros.com.ar\/site\/archivos\/893\" target=\"_self\"  class=\"qbutton  big_large\" style=\"\">Descargue nuestra App<i class=\"fa fa-link\" style=\"\"><\/i><\/a>[\/vc_column_inner][\/vc_row_inner][\/vc_column][\/vc_row][vc_row padding_top=\u00bb15&#8243;][vc_column][vc_separator][\/vc_column][\/vc_row][vc_row][vc_column width=\u00bb1\/4&#8243; offset=\u00bbvc_hidden-xs\u00bb][vc_single_image image=\u00bb517&#8243; img_size=\u00bblarge\u00bb][\/vc_column][vc_column width=\u00bb3\/4&#8243;][vc_row_inner][vc_column_inner width=\u00bb1\/4&#8243;][vc_empty_space height=\u00bb38px\u00bb][vc_column_text]<\/p>\n<h2>Nuestras l\u00edneas<\/h2>\n<h2>de contacto<\/h2>\n<p>[\/vc_column_text][\/vc_column_inner][vc_column_inner width=\u00bb3\/4&#8243;][vc_empty_space height=\u00bb38px\u00bb][vc_column_text]<\/p>\n<h1><strong>0351 &#8211; 155 163160<\/strong><\/h1>\n<h1><strong>0351 &#8211;\u00a04820220<\/strong><\/h1>\n<p>[\/vc_column_text][\/vc_column_inner][\/vc_row_inner][\/vc_column][\/vc_row][vc_row][vc_column][vc_separator][\/vc_column][\/vc_row][vc_row type=\u00bbgrid\u00bb padding_top=\u00bb70&#8243; padding_bottom=\u00bb30&#8243;][vc_column css=\u00bb.vc_custom_1447952343604{padding-top: 6px !important;padding-bottom: 6px !important;}\u00bb]<div class='qode_carousels_holder clearfix'><div class='qode_carousels'><ul class='slides'><li class='item'><div class=\"carousel_item_holder\"><span class='first_image_holder has_hover_image'><img src='http:\/\/mediterraneaseguros.com.ar\/site\/wp-content\/uploads\/2015\/11\/provincia-seguros-g.jpg' alt='Provincia Seguros'><\/span><span class='second_image_holder has_hover_image'><img src='http:\/\/mediterraneaseguros.com.ar\/site\/wp-content\/uploads\/2015\/11\/provincia-seguros.jpg' alt='Provincia Seguros'><\/span><\/div><\/li><li class='item'><div class=\"carousel_item_holder\"><span class='first_image_holder has_hover_image'><img src='http:\/\/mediterraneaseguros.com.ar\/site\/wp-content\/uploads\/2015\/11\/san-cristobal-g1.jpg' alt='San Cristobal'><\/span><span class='second_image_holder has_hover_image'><img src='http:\/\/mediterraneaseguros.com.ar\/site\/wp-content\/uploads\/2015\/11\/san-cristobal.jpg' alt='San Cristobal'><\/span><\/div><\/li><li class='item'><div class=\"carousel_item_holder\"><span class='first_image_holder has_hover_image'><img src='http:\/\/mediterraneaseguros.com.ar\/site\/wp-content\/uploads\/2015\/11\/mercantil-andina-g.jpg' alt='Mercantil'><\/span><span class='second_image_holder has_hover_image'><img src='http:\/\/mediterraneaseguros.com.ar\/site\/wp-content\/uploads\/2015\/11\/mercantil-andina.jpg' alt='Mercantil'><\/span><\/div><\/li><li class='item'><div class=\"carousel_item_holder\"><span class='first_image_holder has_hover_image'><img src='http:\/\/mediterraneaseguros.com.ar\/site\/wp-content\/uploads\/2015\/11\/asociart-g.jpg' alt='Asociart'><\/span><span class='second_image_holder has_hover_image'><img src='http:\/\/mediterraneaseguros.com.ar\/site\/wp-content\/uploads\/2015\/11\/asociart.jpg' alt='Asociart'><\/span><\/div><\/li><li class='item'><div class=\"carousel_item_holder\"><span class='first_image_holder has_hover_image'><img src='http:\/\/mediterraneaseguros.com.ar\/site\/wp-content\/uploads\/2015\/11\/zurich-g.jpg' alt='Zurich'><\/span><span class='second_image_holder has_hover_image'><img src='http:\/\/mediterraneaseguros.com.ar\/site\/wp-content\/uploads\/2015\/11\/zurich.jpg' alt='Zurich'><\/span><\/div><\/li><li class='item'><div class=\"carousel_item_holder\"><span class='first_image_holder has_hover_image'><img src='http:\/\/mediterraneaseguros.com.ar\/site\/wp-content\/uploads\/2015\/11\/provincia-art-g.jpg' alt='Provincia ART'><\/span><span class='second_image_holder has_hover_image'><img src='http:\/\/mediterraneaseguros.com.ar\/site\/wp-content\/uploads\/2015\/11\/provincia-art.jpg' alt='Provincia ART'><\/span><\/div><\/li><li class='item'><div class=\"carousel_item_holder\"><span class='first_image_holder has_hover_image'><img src='http:\/\/mediterraneaseguros.com.ar\/site\/wp-content\/uploads\/2015\/11\/sancor-g.jpg' alt='sancor'><\/span><span class='second_image_holder has_hover_image'><img src='http:\/\/mediterraneaseguros.com.ar\/site\/wp-content\/uploads\/2015\/11\/sancor.jpg' alt='sancor'><\/span><\/div><\/li><li class='item'><div class=\"carousel_item_holder\"><span class='first_image_holder has_hover_image'><img src='http:\/\/mediterraneaseguros.com.ar\/site\/wp-content\/uploads\/2015\/11\/smg-g.jpg' alt='smg'><\/span><span class='second_image_holder has_hover_image'><img src='http:\/\/mediterraneaseguros.com.ar\/site\/wp-content\/uploads\/2015\/11\/smg.jpg' alt='smg'><\/span><\/div><\/li><li class='item'><div class=\"carousel_item_holder\"><span class='first_image_holder has_hover_image'><img src='http:\/\/mediterraneaseguros.com.ar\/site\/wp-content\/uploads\/2016\/02\/nacion-g.jpg' alt='Nacion seguros'><\/span><span class='second_image_holder has_hover_image'><img src='http:\/\/mediterraneaseguros.com.ar\/site\/wp-content\/uploads\/2016\/02\/nacion.jpg' alt='Nacion seguros'><\/span><\/div><\/li><li class='item'><div class=\"carousel_item_holder\"><span class='first_image_holder has_hover_image'><img src='http:\/\/mediterraneaseguros.com.ar\/site\/wp-content\/uploads\/2016\/02\/galeno-art-g.jpg' alt='Galeno art'><\/span><span class='second_image_holder has_hover_image'><img src='http:\/\/mediterraneaseguros.com.ar\/site\/wp-content\/uploads\/2016\/02\/galeno-art.jpg' alt='Galeno art'><\/span><\/div><\/li><\/ul><\/div><\/div>[vc_empty_space][\/vc_column][\/vc_row][vc_row row_type=\u00bbparallax\u00bb background_image=\u00bb66&#8243; section_height=\u00bb220&#8243;][vc_column][vc_row_inner css=\u00bb.vc_custom_1476883101171{padding-right: 30px !important;padding-left: 30px !important;}\u00bb][vc_column_inner width=\u00bb1\/3&#8243;]<div class=\"q_counter_holder  center\"><span class=\"counter  random\" style=\"color: rgba(255,255,255,0.5);\">10587<\/span><p class=\"counter_text\" style=\"color: rgba(255,255,255,0.5);\">Profesionales asegurados<\/p><\/div>[\/vc_column_inner][vc_column_inner width=\u00bb1\/3&#8243;]<div class=\"q_counter_holder  center\"><span class=\"counter  random\" style=\"color: rgba(255,255,255,0.5);\">8<\/span><p class=\"counter_text\" style=\"color: rgba(255,255,255,0.5);\">Sucursales<\/p><\/div>[\/vc_column_inner][vc_column_inner width=\u00bb1\/3&#8243;]<div class=\"q_counter_holder  center\"><span class=\"counter  random\" style=\"color: rgba(255,255,255,0.5);\">20<\/span><p class=\"counter_text\" style=\"color: rgba(255,255,255,0.5);\">A\u00f1os de experiencia<\/p><\/div>[\/vc_column_inner][\/vc_row_inner][\/vc_column][\/vc_row][vc_row][vc_column][vc_empty_space][\/vc_column][\/vc_row][vc_row][vc_column css=\u00bb.vc_custom_1448304161732{margin-bottom: 30px !important;}\u00bb][vc_text_separator title=\u00bbNOTICIAS DEL MUNDO ASEGURADOR\u00bb][\/vc_column][\/vc_row][vc_row][vc_column]<div class='q_masonry_blog'><article  class='post-893 post type-post status-publish format-standard has-post-thumbnail hentry category-noticias '><div class=\"q_masonry_blog_post_image\"><a href=\"http:\/\/mediterraneaseguros.com.ar\/site\/descargue-la-app-de-sequeira-broker-mediterranea\/\" target=\"_self\"><img decoding=\"async\" src=\"http:\/\/mediterraneaseguros.com.ar\/site\/wp-content\/uploads\/2016\/11\/promo-app-chica.jpg\" \/><\/a><\/div><div class=\"q_masonry_blog_post_text\"><h3 class=\"q_masonry_blog_title \"><a href=\"http:\/\/mediterraneaseguros.com.ar\/site\/descargue-la-app-de-sequeira-broker-mediterranea\/\">Descargue la App de Sequeira Broker Mediterranea<\/a><\/h3><p class=\"q_masonry_blog_excerpt\">Sequeira Broker Mediterranea pone a su alcance una aplicaci\u00f3n para asistirlo en caso de siniestro vehicular. De una manera muy pr\u00e1ctica podr\u00e1 comunicarse con nosotros, ver los consejos de los pasos a seguir, iniciar el tr\u00e1mite de informe de siniestro y localizar nuestras oficinas. La......<\/p><div class=\"q_masonry_blog_post_info\"><span class=\"time\">11 noviembre, 2016<\/span><\/div><\/div><\/article><article  class='post-876 post type-post status-publish format-standard has-post-thumbnail hentry category-noticias '><div class=\"q_masonry_blog_post_image\"><a href=\"http:\/\/mediterraneaseguros.com.ar\/site\/mercado-asegurador-perspectivas-20152016\/\" target=\"_self\"><img decoding=\"async\" src=\"http:\/\/mediterraneaseguros.com.ar\/site\/wp-content\/uploads\/2016\/10\/2016.jpg\" \/><\/a><\/div><div class=\"q_masonry_blog_post_text\"><h3 class=\"q_masonry_blog_title \"><a href=\"http:\/\/mediterraneaseguros.com.ar\/site\/mercado-asegurador-perspectivas-20152016\/\">Mercado Asegurador: Perspectivas 2015\/2016<\/a><\/h3><p class=\"q_masonry_blog_excerpt\">A partir de la nueva gesti\u00f3n la SSN ha introducido importantes cambios en el Mercado\u00a0Asegurador Argentino. Los de mayor preponderancia, por el impacto que pueda tener en la\u00a0Compa\u00f1\u00edas de seguros, son los que tienen que ver con las mayores exigencias de capital y la\u00a0obligatoriedad de......<\/p><div class=\"q_masonry_blog_post_info\"><span class=\"time\">19 octubre, 2016<\/span><\/div><\/div><\/article><article  class='post-176 post type-post status-publish format-standard has-post-thumbnail hentry category-noticias '><div class=\"q_masonry_blog_post_image\"><a href=\"http:\/\/mediterraneaseguros.com.ar\/site\/actualidad-del-mercado-asegurador-argentino\/\" target=\"_self\"><img decoding=\"async\" src=\"http:\/\/mediterraneaseguros.com.ar\/site\/wp-content\/uploads\/2015\/11\/negocios-seguros.jpg\" \/><\/a><\/div><div class=\"q_masonry_blog_post_text\"><h3 class=\"q_masonry_blog_title \"><a href=\"http:\/\/mediterraneaseguros.com.ar\/site\/actualidad-del-mercado-asegurador-argentino\/\">Actualidad del mercado asegurador argentino<\/a><\/h3><p class=\"q_masonry_blog_excerpt\">Si analizamos el crecimiento interanual de las Compa\u00f1\u00edas de Seguros podr\u00edamos concluir que el Mercado asegurador presenta un marcado crecimiento, que se visualiza principalmente en aquellas Compa\u00f1\u00edas mejor posicionadas desde su situaci\u00f3n patrimonial, esto acompa\u00f1ado de una toma de conciencia por parte de un sector......<\/p><div class=\"q_masonry_blog_post_info\"><span class=\"time\">23 noviembre, 2015<\/span><\/div><\/div><\/article><article  class='post-136 post type-post status-publish format-standard has-post-thumbnail hentry category-noticias '><div class=\"q_masonry_blog_post_image\"><a href=\"http:\/\/mediterraneaseguros.com.ar\/site\/la-necesidad-de-actualizar-las-sumas-aseguradas\/\" target=\"_self\"><img decoding=\"async\" src=\"http:\/\/mediterraneaseguros.com.ar\/site\/wp-content\/uploads\/2015\/11\/sumas-aseguradas.jpg\" \/><\/a><\/div><div class=\"q_masonry_blog_post_text\"><h3 class=\"q_masonry_blog_title \"><a href=\"http:\/\/mediterraneaseguros.com.ar\/site\/la-necesidad-de-actualizar-las-sumas-aseguradas\/\">La necesidad de actualizar las sumas aseguradas<\/a><\/h3><p class=\"q_masonry_blog_excerpt\">En un contexto de inflaci\u00f3n como actualmente se vive en Argentina (ver nota precedente \u201cActualidad del Mercado Asegurador Argentino\u201d), resulta una necesidad por parte de cada uno de quienes tenemos vigentes seguros, la revisi\u00f3n de las sumas aseguradas de las p\u00f3lizas. \u201cLa inflaci\u00f3n tambi\u00e9n produce......<\/p><div class=\"q_masonry_blog_post_info\"><span class=\"time\">19 noviembre, 2015<\/span><\/div><\/div><\/article><article  class='post-133 post type-post status-publish format-standard has-post-thumbnail hentry category-noticias '><div class=\"q_masonry_blog_post_image\"><a href=\"http:\/\/mediterraneaseguros.com.ar\/site\/art-para-empleadas-de-casa-de-familia\/\" target=\"_self\"><img decoding=\"async\" src=\"http:\/\/mediterraneaseguros.com.ar\/site\/wp-content\/uploads\/2015\/11\/domestica.jpg\" \/><\/a><\/div><div class=\"q_masonry_blog_post_text\"><h3 class=\"q_masonry_blog_title \"><a href=\"http:\/\/mediterraneaseguros.com.ar\/site\/art-para-empleadas-de-casa-de-familia\/\">ART para empleadas de casa de familia<\/a><\/h3><p class=\"q_masonry_blog_excerpt\">C\u00f3mo es el aporte a la ART de las empleadas dom\u00e9sticas Desde noviembre, hay que pagar entre 130 y 230 pesos por mes. Se suma al nuevo aporte a la Afip, que rige en octubre. La cuota total sube a $ 498. Con la reglamentaci\u00f3n......<\/p><div class=\"q_masonry_blog_post_info\"><span class=\"time\">19 noviembre, 2015<\/span><\/div><\/div><\/article><article  class='post-129 post type-post status-publish format-standard has-post-thumbnail hentry category-noticias '><div class=\"q_masonry_blog_post_image\"><a href=\"http:\/\/mediterraneaseguros.com.ar\/site\/renovacion-seguro-colectivo-de-responsabilidad-civil-profesional\/\" target=\"_self\"><img decoding=\"async\" src=\"http:\/\/mediterraneaseguros.com.ar\/site\/wp-content\/uploads\/2015\/11\/odon-bt.jpg\" \/><\/a><\/div><div class=\"q_masonry_blog_post_text\"><h3 class=\"q_masonry_blog_title \"><a href=\"http:\/\/mediterraneaseguros.com.ar\/site\/renovacion-seguro-colectivo-de-responsabilidad-civil-profesional\/\">Renovaci\u00f3n Seguro Colectivo de  Responsabilidad Civil Profesional<\/a><\/h3><p class=\"q_masonry_blog_excerpt\">A partir del 02 de Octubre del 2014, Federaci\u00f3n odontol\u00f3gica de la Pcia. De C\u00f3rdoba, a trav\u00e9s de Sequeira Broker Mediterranea, ha renovado, por decimos\u00e9ptimo a\u00f1o consecutivo, la p\u00f3liza de Responsabilidad Civil Profesional que otorga cobertura a todos los Odont\u00f3logos Federados. Transcurrido ya 17 a\u00f1os......<\/p><div class=\"q_masonry_blog_post_info\"><span class=\"time\">19 noviembre, 2015<\/span><\/div><\/div><\/article><\/div>[\/vc_column][\/vc_row][vc_row][vc_column][vc_column_text]<br \/>\n[\/vc_column_text][\/vc_column][\/vc_row]<\/p>\n","protected":false},"excerpt":{"rendered":"<p>[vc_row][vc_column][vc_empty_space height=\u00bb5&#8243;][\/vc_column][\/vc_row][vc_row background_color=\u00bb#ffffff\u00bb css=\u00bb.vc_custom_1559586291066{background-color: #ffffff !important;}\u00bb][vc_column width=\u00bb1\/6&#8243;][vc_separator][vc_column_text] Seguro Automotor [\/vc_column_text][vc_empty_space height=\u00bb15&#8243;][\/vc_column][vc_column width=\u00bb1\/6&#8243;][vc_separator][vc_column_text] Seguro para el Hogar [\/vc_column_text][vc_empty_space height=\u00bb15&#8243;][\/vc_column][vc_column width=\u00bb1\/6&#8243;][vc_separator][vc_column_text] Seguro de Vida [\/vc_column_text][vc_empty_space height=\u00bb15&#8243;][\/vc_column][vc_column width=\u00bb1\/6&#8243;][vc_separator][vc_column_text] Accidentes Personales [\/vc_column_text][vc_empty_space height=\u00bb15&#8243;][\/vc_column][vc_column width=\u00bb1\/6&#8243;][vc_separator][vc_column_text] Seguros de Cauci\u00f3n [\/vc_column_text][vc_empty_space height=\u00bb15&#8243;][\/vc_column][vc_column width=\u00bb1\/6&#8243;][vc_separator][vc_column_text] ART [\/vc_column_text][vc_empty_space height=\u00bb15&#8243;][\/vc_column][\/vc_row][vc_row][vc_column][vc_empty_space height=\u00bb20px\u00bb][vc_separator down=\u00bb12&#8243;][\/vc_column][\/vc_row][vc_row][vc_column width=\u00bb1\/3&#8243;][vc_single_image image=\u00bb20&#8243; img_size=\u00bb600&#215;180&#8243; alignment=\u00bbright\u00bb&#8230;<\/p>\n","protected":false},"author":2,"featured_media":0,"parent":0,"menu_order":0,"comment_status":"closed","ping_status":"closed","template":"","meta":{"footnotes":""},"_links":{"self":[{"href":"http:\/\/mediterraneaseguros.com.ar\/site\/wp-json\/wp\/v2\/pages\/4"}],"collection":[{"href":"http:\/\/mediterraneaseguros.com.ar\/site\/wp-json\/wp\/v2\/pages"}],"about":[{"href":"http:\/\/mediterraneaseguros.com.ar\/site\/wp-json\/wp\/v2\/types\/page"}],"author":[{"embeddable":true,"href":"http:\/\/mediterraneaseguros.com.ar\/site\/wp-json\/wp\/v2\/users\/2"}],"replies":[{"embeddable":true,"href":"http:\/\/mediterraneaseguros.com.ar\/site\/wp-json\/wp\/v2\/comments?post=4"}],"version-history":[{"count":163,"href":"http:\/\/mediterraneaseguros.com.ar\/site\/wp-json\/wp\/v2\/pages\/4\/revisions"}],"predecessor-version":[{"id":992,"href":"http:\/\/mediterraneaseguros.com.ar\/site\/wp-json\/wp\/v2\/pages\/4\/revisions\/992"}],"wp:attachment":[{"href":"http:\/\/mediterraneaseguros.com.ar\/site\/wp-json\/wp\/v2\/media?parent=4"}],"curies":[{"name":"wp","href":"https:\/\/api.w.org\/{rel}","templated":true}]}}