{"id":357,"date":"2015-12-21T15:45:24","date_gmt":"2015-12-21T15:45:24","guid":{"rendered":"http:\/\/mediterraneaseguros.com.ar\/site\/?page_id=357"},"modified":"2015-12-21T16:00:50","modified_gmt":"2015-12-21T16:00:50","slug":"recomendaciones-de-caracter-general","status":"publish","type":"page","link":"http:\/\/mediterraneaseguros.com.ar\/site\/recomendaciones-de-caracter-general\/","title":{"rendered":"Recomendaciones de car\u00e1cter general"},"content":{"rendered":"<p>[vc_row row_type=\u00bbrow\u00bb use_row_as_full_screen_section=\u00bbno\u00bb type=\u00bbfull_width\u00bb text_align=\u00bbleft\u00bb background_image_as_pattern=\u00bbwithout_pattern\u00bb][vc_column width=\u00bb5\/6&#8243;][vc_column_text]<\/p>\n<h2>Responsabilidad Civil Profesional<br \/>\nConsultorios-Multiconsultorios-Cl\u00ednicas Odontol\u00f3gicas.<br \/>\nRecomendaciones de car\u00e1cter general<\/h2>\n<p>&nbsp;<\/p>\n<p><b>1) Control de Infecciones.<\/b><br \/>\nEstablecer un programa de protecci\u00f3n universal contra infecciones con normas escritas y precisas. Deben estar disponibles y\/o expuestas para todas las \u00e1reas de las Instituci\u00f3n y\/o consultorios, referidos a:<\/p>\n<p>\u2022 Lavado de manos.<br \/>\n\u2022 Antis\u00e9pticos y desinfectantes.<br \/>\n\u2022 Higiene de pisos y paredes<br \/>\n\u2022 Precauci\u00f3n universal con sangre y fluidos corporales.<br \/>\n\u2022 Manipuleo, descarte y disposici\u00f3n de residuos patol\u00f3gicos.<\/p>\n<p>&nbsp;<\/p>\n<p><b>Manipulaci\u00f3n de residuos patol\u00f3gicos:<\/b><br \/>\n\u2022 Disponer de un sistema de recolecci\u00f3n discriminado y correctamente rotulado de elementos biol\u00f3gicos contaminados en los sanitarios, consultorios, en bolsas de color rojo para evitar que las depositen en la basura general.<br \/>\n\u2022 Acompa\u00f1ar la acci\u00f3n con instructivos pegados en ba\u00f1os y lava manos y toda \u00e1rea donde sea pertinente.<\/p>\n<p>&nbsp;<\/p>\n<p><b>2) Establecer un programa de control de plagas peri\u00f3dico y sistem\u00e1tico.<\/b><\/p>\n<p>&nbsp;<\/p>\n<p><b>3) Preparaci\u00f3n para asistir emergencias:<br \/>\n<\/b>\u2022 Entrenamiento en t\u00e9cnicas de resucitaci\u00f3n cardiopulmonar, contar con servicio de emergencias medicas.<\/p>\n<p>&nbsp;<\/p>\n<p><b>4) Documentaci\u00f3n Historia Cl\u00ednica (HC).<\/b><br \/>\n\u2022 Asentar en la (HC), un registro adecuado del acto realizado o Indicado a los pacientes, que permita demostrar la existencia de la prestaci\u00f3n brindada al paciente. Consignar obligatoriamente el nombre del paciente.la fecha, hora y firma del profesional y su aclaraci\u00f3n, el tratamiento, escribir en forma concisa, legible, veraz, ordenada y prolija, toda su actuaci\u00f3n relacionada con el paciente, as\u00ed como todos los datos obtenidos del paciente y su estado cl\u00ednico, realizando en todos los casos, anamnesis, plan de tratamiento, diagnostico, evoluci\u00f3n, indicaciones, epicrisis y cierre de la (HC). Toda la documentaci\u00f3n deber\u00e1 contener la firma del paciente o representante legal.<br \/>\n\u2022 <b>Confeccionar un formulario<\/b> que demuestre que con el paciente se ha realizado un proceso de consentimiento informado previo a la pr\u00e1ctica odontol\u00f3gica, que permita demostrar que el paciente y\/o quien corresponda entendi\u00f3 lo explicado por el Odont\u00f3logo tratante.<br \/>\n\u2022 En todos los casos la HC debe contar con <b>Consentimiento Informado General y Particular<\/b> en caso de intervenciones <b>especiales<\/b>. Es recomendable que el profesional tratante deje asentado en la historia cl\u00ednica un comentario sobre la conversaci\u00f3n con el paciente y\/o sus familiares sobre, el cuadro, su tratamiento y las posibles consecuencias de la evoluci\u00f3n del cuadro y las implicancias del tratamiento.<br \/>\n\u2022 <b>Legibilidad:<\/b> Debe evitarse el uso de abreviaturas. Todos deben ser capaces de leerlas.<br \/>\n\u2022 Conservar la Historia Cl\u00ednica y todos los registros concernientes, por un periodo no menor a 10 a\u00f1os contados a partir del \u00faltimo d\u00eda en que los tratamientos y\/o servicios fueron prestados.<\/p>\n<p>&nbsp;<\/p>\n<p><b>5) Informaci\u00f3n estad\u00edstica. (Cl\u00ednicas)<\/b><br \/>\nDebe establecer un sistema de recolecci\u00f3n sistem\u00e1tica de Indicadores clave, para evaluar el funcionamiento del servicio y que dichas mediciones sean de f\u00e1cil acceso para todos los componentes del consultorio y\/o servicio. Esta iniciativa se basa en el concepto que \u201cLo que no se mide no se puede mejorar\u201d<\/p>\n<p>&nbsp;<\/p>\n<p><b>6) Carga del Asegurado:<\/b><br \/>\nNo efectuar ninguna confesi\u00f3n, aceptaci\u00f3n de hechos, con la \u00fanica excepci\u00f3n de aquellos efectuados en la interrogaci\u00f3n judicial, oferta, promesa de pago o indemnizaci\u00f3n sin el previo consentimiento por escrito del Asegurador. El asegurado deber\u00e1 denunciar el hecho del que podr\u00eda nacer su eventual responsabilidad dentro de los tres d\u00edas de producido. El asegurado notificara al asegurador por escrito la ocurrencia de cualquier hecho conocido, o que razonablemente deba conocer, del que por su importancia pudiera derivar un siniestro de Responsabilidad Civil Profesional.<br \/>\nEl procedimiento a seguir ante la primera noticia de un posible reclamo o una notificaci\u00f3n judicial es el siguiente:<\/p>\n<p>\u2022 Verifique que se trate de un paciente que Ud. Haya atendido.<br \/>\n\u2022 Separe la historia cl\u00ednica del paciente (este ser\u00e1 un elemento de prueba sumamente importante).<br \/>\n\u2022 No altere ni modifique ning\u00fan documento que se relacione con el Paciente.<br \/>\n\u2022 Inmediatamente p\u00f3ngase en contacto con el asegurador, con el Departamento de Servicios M\u00e9dicos.<br \/>\n\u2022 Sea lo mas claro y preciso posible a fin de que nuestros asesores legales puedan cumplir con nuestro objetivo, la mejor defensa.<\/p>\n<p>&nbsp;<\/p>\n<p>Estas recomendaciones para el control y aspectos y\/o factores cr\u00edticos deben recibir la atenci\u00f3n inmediata de los profesionales a cargo de la Instituci\u00f3n y\/o consultorio\/s con la finalidad de ponerlas en pr\u00e1ctica durante la vigencia de la P\u00f3liza. Mejoras que nuestra experiencia indica que son adecuadas para controlar las perdidas.[\/vc_column_text][\/vc_column][vc_column width=\u00bb1\/6&#8243; offset=\u00bbvc_hidden-sm vc_hidden-xs\u00bb][vc_single_image image=\u00bb343&#8243; border_color=\u00bbgrey\u00bb img_link_target=\u00bb_self\u00bb img_size=\u00bb50&#215;2000&#8243; alignment=\u00bbright\u00bb][\/vc_column][\/vc_row][vc_row][vc_column width=\u00bb1\/1&#8243;][vc_empty_space height=\u00bb50px\u00bb][\/vc_column][\/vc_row][vc_column width=\u00bb1\/6&#8243; offset=\u00bbvc_hidden-sm vc_hidden-xs\u00bb][vc_column_text]<br \/>\n[\/vc_column_text][\/vc_column]<\/p>\n","protected":false},"excerpt":{"rendered":"<p>[vc_row row_type=\u00bbrow\u00bb use_row_as_full_screen_section=\u00bbno\u00bb type=\u00bbfull_width\u00bb text_align=\u00bbleft\u00bb background_image_as_pattern=\u00bbwithout_pattern\u00bb][vc_column width=\u00bb5\/6&#8243;][vc_column_text] Responsabilidad Civil Profesional Consultorios-Multiconsultorios-Cl\u00ednicas Odontol\u00f3gicas. Recomendaciones de car\u00e1cter general &nbsp; 1) Control de Infecciones. Establecer un programa de protecci\u00f3n universal contra infecciones con normas escritas y precisas. Deben estar disponibles y\/o expuestas para todas las \u00e1reas de las&#8230;<\/p>\n","protected":false},"author":2,"featured_media":0,"parent":0,"menu_order":0,"comment_status":"closed","ping_status":"closed","template":"","meta":{"footnotes":""},"_links":{"self":[{"href":"http:\/\/mediterraneaseguros.com.ar\/site\/wp-json\/wp\/v2\/pages\/357"}],"collection":[{"href":"http:\/\/mediterraneaseguros.com.ar\/site\/wp-json\/wp\/v2\/pages"}],"about":[{"href":"http:\/\/mediterraneaseguros.com.ar\/site\/wp-json\/wp\/v2\/types\/page"}],"author":[{"embeddable":true,"href":"http:\/\/mediterraneaseguros.com.ar\/site\/wp-json\/wp\/v2\/users\/2"}],"replies":[{"embeddable":true,"href":"http:\/\/mediterraneaseguros.com.ar\/site\/wp-json\/wp\/v2\/comments?post=357"}],"version-history":[{"count":11,"href":"http:\/\/mediterraneaseguros.com.ar\/site\/wp-json\/wp\/v2\/pages\/357\/revisions"}],"predecessor-version":[{"id":371,"href":"http:\/\/mediterraneaseguros.com.ar\/site\/wp-json\/wp\/v2\/pages\/357\/revisions\/371"}],"wp:attachment":[{"href":"http:\/\/mediterraneaseguros.com.ar\/site\/wp-json\/wp\/v2\/media?parent=357"}],"curies":[{"name":"wp","href":"https:\/\/api.w.org\/{rel}","templated":true}]}}