{"id":254,"date":"2015-12-17T13:57:11","date_gmt":"2015-12-17T13:57:11","guid":{"rendered":"http:\/\/mediterraneaseguros.com.ar\/site\/?page_id=254"},"modified":"2016-04-22T12:01:16","modified_gmt":"2016-04-22T12:01:16","slug":"preguntas-frecuentes-federacion-odontologica","status":"publish","type":"page","link":"http:\/\/mediterraneaseguros.com.ar\/site\/preguntas-frecuentes-federacion-odontologica\/","title":{"rendered":"Preguntas frecuentes"},"content":{"rendered":"<p>[vc_row row_type=\u00bbrow\u00bb use_row_as_full_screen_section=\u00bbno\u00bb type=\u00bbfull_width\u00bb text_align=\u00bbleft\u00bb background_image_as_pattern=\u00bbwithout_pattern\u00bb][vc_column width=\u00bb5\/6&#8243;][vc_column_text]<\/p>\n<h2>Federaci\u00f3n Odontol\u00f3gica<\/h2>\n<h3>Preguntas frecuentes<\/h3>\n<p>[\/vc_column_text][vc_separator type=\u00bbnormal\u00bb position=\u00bbcenter\u00bb down=\u00bb30&#8243;][vc_column_text]El n\u00famero de la p\u00f3liza a trav\u00e9s de la cu\u00e1l Usted se encuentra protegido es la <b><span style=\"color: red;\">11-1026831-5<\/span><\/b>. Ag\u00e9ndelo, ya que con este dato podr\u00e1 realizar las gestiones necesarias en caso de un siniestro.<br \/>\nEl contrato, fue convenido entre San Crist\u00f3bal SMSG y la Federaci\u00f3n Odontol\u00f3gica de la Provincia de C\u00f3rdoba. Los alcances de la cobertura contratada se encuentran detallados en las Condiciones Generales y Particulares que se anexan e integran la p\u00f3liza mencionada, las que han sido convenidas para ser ejecutadas de buena fe.<br \/>\nUsted, en tanto profesional asegurado, podr\u00e1 solicitar informaci\u00f3n ante la Superintendencia de Seguros de la Naci\u00f3n con relaci\u00f3n a la situaci\u00f3n econ\u00f3mica financiera de San Crist\u00f3bal SMSG, su entidad aseguradora, dirigi\u00e9ndose personalmente o por nota a Julio A. Roca 721 (CC 1067), Capital Federal, a los Tel\u00e9fonos (011) 4343-9090, 4331-0188 \u00f3 4331-7456 (Resoluci\u00f3n 24.868) o v\u00eda Internet a <a href=\"http:\/\/www.ssn.gob.var\/\" target=\"_blank\">www.ssn.gob.ar<\/a><br \/>\nPara conocer los alcances de la cobertura contratada, a continuaci\u00f3n le acercamos una gu\u00eda r\u00e1pida que describe las principales caracter\u00edsticas de su p\u00f3liza.<\/p>\n<p>&nbsp;<\/p>\n<h3>\u00bfQu\u00e9 vigencia tiene esta p\u00f3liza?<\/h3>\n<p>La vigencia es anual, desde el 02\/10\/2014 al 02\/10\/2015.<\/p>\n<p>&nbsp;<\/p>\n<h3>\u00bfQui\u00e9n es el contratante de la p\u00f3liza?<\/h3>\n<p>El contratante o tomador del seguro es la Federaci\u00f3n Odontol\u00f3gica de la Provincia de C\u00f3rdoba, titular de la p\u00f3liza y quien celebra el convenio con San Crist\u00f3bal SMSG.<\/p>\n<p>&nbsp;<\/p>\n<h3>\u00bfA quienes asegura esta p\u00f3liza?<\/h3>\n<p>Los asegurados en esta p\u00f3liza son los profesionales federados de acuerdo a la n\u00f3mina que est\u00e1 en poder de San Crist\u00f3bal SMSG, y que es actualizada y provista mensualmente por la Federaci\u00f3n Odontol\u00f3gica de la Provincia de C\u00f3rdoba.<\/p>\n<p>&nbsp;<\/p>\n<h3>\u00bfCu\u00e1l es el alcance de la cobertura?<\/h3>\n<p><b>a)<\/b> Cubre al Asegurado (Odont\u00f3logo) por cuanto deba pagar a un tercero en raz\u00f3n de la responsabilidad civil incurrida exclusivamente como:<\/p>\n<p>\u2022 consecuencia de cualquier acto odontol\u00f3gico derivado de la prestaci\u00f3n de servicios profesionales de atenci\u00f3n en la salud de las personas,<br \/>\n\u2022 ocurrido durante la vigencia de la p\u00f3liza y hasta el l\u00edmite de la suma asegurada,<br \/>\n\u2022 y en el ejercicio de la especialidad declarada por el Asegurado en la solicitud o propuesta.<\/p>\n<p><b>b)<\/b> Se incluye la responsabilidad civil del Asegurado, emergente de <b>acciones<\/b> u <b>omisiones<\/b> de sus empleados y\/o de los profesionales y\/o auxiliares intervinientes, con relaci\u00f3n al acto odontol\u00f3gico, legalmente habilitado, seg\u00fan se describe en el punto anterior.<\/p>\n<p>&nbsp;<\/p>\n<h3>\u00bfCu\u00e1l es el riesgo cubierto?<\/h3>\n<p>Los actos odontol\u00f3gicos de los profesionales, incluyendo reclamos por cirug\u00eda mayor y menor, cirug\u00eda maxilofacial, implantes y jefe de equipo.<\/p>\n<p>&nbsp;<\/p>\n<h3>\u00bfQui\u00e9nes son considerados terceros?<\/h3>\n<p>Cualquier paciente atendido por el profesional.<\/p>\n<p>&nbsp;<\/p>\n<h3>\u00bfQui\u00e9nes se encuentran excluidos de cobertura en caso de siniestro?<\/h3>\n<p>El c\u00f3nyuge o conviviente en aparente matrimonio, los parientes del Asegurado hasta el tercer grado de consaguinidad o afinidad y las personas en relaci\u00f3n de dependencia laboral con el Asegurado.<\/p>\n<p>&nbsp;<\/p>\n<h3>\u00bfCu\u00e1l es el \u00e1mbito de la cobertura?<\/h3>\n<p>Se cubre tanto la actividad p\u00fablica como la privada que se desarrolle dentro del territorio nacional.<\/p>\n<p>&nbsp;<\/p>\n<h3>\u00bfCu\u00e1les son las principales caracter\u00edsticas de una cobertura de Responsabilidad Civil Profesional?<\/h3>\n<p>Existen dos tipos de cobertura para la Responsabilidad Civil Profesional. Ellas son:<br \/>\n<b>Base Reclamo:<\/b> desde que se contrata esta cobertura y mientras se encuentre en vigencia, cubre todos los reclamos reportados y que resulten de actos cometidos desde el inicio de la cobertura o afiliaci\u00f3n (fecha de retroactividad).<br \/>\n<b>Base Ocurrencia:<\/b> cubre los reclamos que resultan de actos cometidos durante el per\u00edodo de cobertura, sin importar cu\u00e1ndo se formulen dichos reclamos.<\/p>\n<p>&nbsp;<\/p>\n<h3>\u00bfQu\u00e9 tipo de cobertura tiene la p\u00f3liza contratada con San Crist\u00f3bal S.M.S.G. por la Federaci\u00f3n Odontol\u00f3gica?<\/h3>\n<p>La modalidad de la cobertura es \u201cBase Reclamo\u201d. La misma, permite al Tomador de la p\u00f3liza (Federaci\u00f3n Odontol\u00f3gica) en cada renovaci\u00f3n del convenio, ajustar progresivamente los l\u00edmites de indemnizaci\u00f3n. Esta es la ventaja principal de esta cobertura, ya que la suma asegurada vigente al momento de la presentaci\u00f3n del reclamo, ser\u00e1 la que afronte el siniestro, aunque el mismo corresponda a un hecho ocurrido a\u00f1os atr\u00e1s, dentro del per\u00edodo de retroactividad, y con una p\u00f3liza tomada con una suma asegurada inferior.-<br \/>\nLa cobertura Base Reclamo le brindar\u00e1 una adecuada protecci\u00f3n. As\u00ed como el costo de los reclamos va variando en el tiempo, se podr\u00e1n ir actualizando los l\u00edmites en relaci\u00f3n a esos cambios.<\/p>\n<p>&nbsp;<\/p>\n<h3>\u00bfQu\u00e9 es la fecha de retroactividad?<\/h3>\n<p>El d\u00eda en que comience su cobertura de seguros (alta o ingreso en la n\u00f3mina de profesionales asegurados). Esto quiere decir que estar\u00e1 cubierto frente a cualquier hecho o acto ocurrido y reportado luego de esa fecha. Al final de cada per\u00edodo de cobertura, cuando se renueve el contrato, su fecha de retroactividad no cambiar\u00e1.<\/p>\n<p>&nbsp;<\/p>\n<h3>\u00bfHasta que suma asegurada responde la p\u00f3liza por cada profesional?<\/h3>\n<p>La p\u00f3liza opera con un l\u00edmite de <b>$ 350.000 (Trescientos cincuenta Mil pesos)<\/b> por cada odont\u00f3logo.<\/p>\n<p>&nbsp;<\/p>\n<h3>\u00bfQu\u00e9 debo hacer para aumentar la suma asegurada de mi p\u00f3liza?<\/h3>\n<p>Cont\u00e1ctenos a nuestras oficinas (0351-4257908\/4820220, <a href=\"mailto:sequeirabroker@mediterraneaseguros.com.ar.ar\" target=\"_blank\">sequeirabroker@mediterraneaseguros.com.ar.ar<\/a><br \/>\n<a href=\"http:\/\/www.mediterraneaseguros.com.ar\/\" target=\"_blank\">www.mediterraneaseguros.com.ar<\/a><br \/>\n<a href=\"http:\/\/facebook.com\/pages\/Mediterranea-Sequeira-Broker-de-Seguros\/342329629237256?fref=ts\" target=\"_blank\">facebook\/pages\/Mediterranea-Sequeira-Broker-de-Seguros<\/a><br \/>\ncon San Crist\u00f3bal SMSG, d\u00f3nde nuestros profesionales evaluar\u00e1n su situaci\u00f3n particular ayud\u00e1ndolo a determinar la suma adecuada a su exposici\u00f3n real y los costos de la misma.<\/p>\n<p>&nbsp;<\/p>\n<h3>De existir un siniestro a indemnizar \u00bfExiste participaci\u00f3n del profesional en la indemnizaci\u00f3n?<\/h3>\n<p>No hay participaci\u00f3n del Profesional en caso que se deba indemnizar por un Siniestro, atento a que la p\u00f3liza no posee franquicia deducible, el 100 % del Siniestro sera cubierto por San Cristobal SMSG.<\/p>\n<p>&nbsp;<\/p>\n<h3>\u00bfQu\u00e9 debo hacer en caso de tomar conocimiento de un posible evento cubierto bajo esta p\u00f3liza?<\/h3>\n<p>Los pasos a seguir ante la primera noticia de un posible reclamo o una notificaci\u00f3n judicial son los siguientes:<br \/>\n<b>1-<\/b> Verifique que se trate de un paciente que Usted haya atendido.<br \/>\n<b>2-<\/b> Separe la historia cl\u00ednica del paciente (este ser\u00e1 un elemento de prueba sumamente importante).<br \/>\n<b>3-<\/b> No altere ni modifique ning\u00fan documento relacionado con el paciente.<br \/>\n<b>4-<\/b> Sea lo m\u00e1s claro y preciso posible, a fin de que nuestros asesores legales puedan cumplir con nuestro objetivo: brindarle la mejor defensa.<br \/>\n<b>5-<\/b> No efectuar ninguna confesi\u00f3n, aceptaci\u00f3n de hechos, con la \u00fanica excepci\u00f3n de aquellos efectuados en la interrogaci\u00f3n judicial, oferta, promesa de pago o indemnizaci\u00f3n sin el previo consentimiento por escrito del Asegurador. Deber\u00e1 denunciar el hecho del que podr\u00eda nacer su eventual responsabilidad dentro de los tres d\u00edas de conocido el mismo. La notificaci\u00f3n a la Aseguradora debe ser por escrito, la ocurrencia de cualquier hecho conocido, o que razonablemente deba conocer, del que por su importancia pudiera derivar un siniestro de Responsabilidad Civil Profesional.<\/p>\n<p>&nbsp;<\/p>\n<h3>\u00bfPor qu\u00e9 es tan importante la historia cl\u00ednica?<\/h3>\n<p>Permite asentar un registro adecuado del acto realizado o indicado a los pacientes, que pueda demostrar la existencia de la prestaci\u00f3n brindada. En ella se deber\u00e1 consignar obligatoriamente el nombre del paciente, fecha, hora y firma del profesional y su aclaraci\u00f3n, y el tratamiento efectuado. Se deber\u00e1 escribir en forma concisa, legible, veraz, ordenada y prolija, toda su actuaci\u00f3n relacionada con el paciente, as\u00ed como todos los datos obtenidos del mismo y de su estado cl\u00ednico, realizando en todos los casos, anamnesis, evoluci\u00f3n, diagn\u00f3stico, indicaciones, epicrisis y cierre de la Historia Cl\u00ednica.<br \/>\nEs necesario, mediante la confecci\u00f3n de un formulario, demostrar que con el paciente se ha realizado un proceso de consentimiento informado previo a la pr\u00e1ctica odontol\u00f3gica, que permita demostrar que el paciente y\/o quien corresponda, entendi\u00f3 lo explicado por el Odont\u00f3logo tratante.<br \/>\nIndefectiblemente se tendr\u00e1 que conservar la Historia Cl\u00ednica y todos los registros concernientes por un per\u00edodo no menor de 10 a\u00f1os contados a partir del \u00faltimo d\u00eda en que los tratamientos y\/o servicios fueron prestados.<br \/>\nEs fundamental que toda la documentaci\u00f3n contenga la firma del paciente o de su representante legal.<\/p>\n<p>&nbsp;<\/p>\n<h3>\u00bfQu\u00e9 consideraciones se deben tener al completar la Historia Cl\u00ednica?<\/h3>\n<p>a) Cada hoja de la historia cl\u00ednica y de cada ficha de consultorio, deber\u00e1 tener la identificaci\u00f3n del paciente y el n\u00famero de hoja (foliada).<br \/>\nb) Se deber\u00e1 utilizar en lo posible bol\u00edgrafo negro y letra legible para permitir su f\u00e1cil lectura y fotocopiado.<br \/>\nc) Con motivo de alta o pase de sector, se deber\u00e1 dejar constancia del estado del paciente y la indicaci\u00f3n efectuada.<br \/>\nd) Toda indicaci\u00f3n de medicaci\u00f3n debe contener el medicamento, la dosis, la frecuencia y la v\u00eda.<br \/>\ne) Se incorporar\u00e1n a la historia cl\u00ednica los resultados de los ex\u00e1menes complementarios.<br \/>\nf) Ninguna historia cl\u00ednica debe ser retirada del archivo, fotocopiada y\/o entregada a pacientes o terceras personas, sin la expresa autorizaci\u00f3n por escrito de la direcci\u00f3n m\u00e9dica o del profesional que la misma designe, usando razonable prudencia. Cuando pueda existir posibilidad de diferendo, consultar necesariamente al estudio jur\u00eddico designado por el Asegurador.<\/p>\n<p>&nbsp;<\/p>\n<h3>\u00bfQu\u00e9 es el proceso de consentimiento informado? \u00bfCu\u00e1les son sus caracter\u00edsticas?<\/h3>\n<p>Es la aprobaci\u00f3n que el Asegurado debe obtener por escrito del paciente, de un miembro de su familia responsable o su representante legal en caso de ser menor o incapaz de hacerlo por si mismo, antes de someterlo a un acto odontol\u00f3gico programado. Debe llevarse de forma sistem\u00e1tica e institucionalizada con todos los pacientes.<\/p>\n<p><b>a)<\/b> Dicho consentimiento deber\u00e1 ser obtenido por escrito, y contendr\u00e1 b\u00e1sicamente una explicaci\u00f3n concisa de las condiciones f\u00edsico-cl\u00ednicas del paciente, del tratamiento o procedimiento propuesto, sus riesgos potenciales, sus beneficios y los problemas relacionados con la recuperaci\u00f3n. De ser posible deber\u00e1 contener la informaci\u00f3n relacionada con otras alternativas de tratamiento o procedimientos m\u00e9dicos.<br \/>\n<b>b)<\/b> La informaci\u00f3n deber\u00e1 contener la identidad del odont\u00f3logo tratante responsable del paciente y la de los dem\u00e1s miembros del equipo de salud a cargo de su cuidado. Deber\u00e1 estar fechado, firmado por el m\u00e9dico tratante, el paciente y\/o su representante y emitido por duplicado. Un ejemplar quedar\u00e1 en poder del paciente y el otro en la instituci\u00f3n, la que deber\u00e1 agregarlo a la historia cl\u00ednica del paciente.<br \/>\n<b>c)<\/b> La obtenci\u00f3n del consentimiento informado del paciente deber\u00e1 ser realizada tanto por el odont\u00f3logo del staff, cuanto por aquellos m\u00e9dicos que sin pertenecer al staff institucional, realizan sus pr\u00e1cticas ocasionalmente all\u00ed, o bien utilizan las instalaciones de la instituci\u00f3n para realizar sus pr\u00e1cticas habitualmente.<br \/>\n<b>d)<\/b> Un sistema similar deber\u00e1 institucionalizarse para el uso de rechazos al tratamiento por parte del paciente.<br \/>\n<b>e)<\/b> En todos los casos deber\u00e1 poder demostrarse que el paciente entendi\u00f3 las explicaciones brindadas acerca del estado de salud y de los riesgos y beneficios del procedimiento y\/o tratamiento al que ser\u00e1 sometido, y que por esa raz\u00f3n prest\u00f3 su consentimiento.<\/p>\n<p>&nbsp;<\/p>\n<h3>Otros consejos \u00fatiles.<\/h3>\n<p><b>a)<\/b> El consultorio odontol\u00f3gico deber\u00e1 tener la habilitaci\u00f3n otorgada por autoridad competente.<br \/>\n<b>b)<\/b> Debe confeccionar la anamnesis de cada paciente, que contenga los datos necesarios para su adecuada atenci\u00f3n.<br \/>\n<b>c)<\/b> Las fichas o historias cl\u00ednicas que se confeccionan deben contener la firma del profesional interviniente y las indicaciones dadas al paciente.<br \/>\n<b>d)<\/b> Se deber\u00e1 archivar junto a la historia cl\u00ednica todas los estudios complementarios (como por ejemplo RX) de los tratamientos de endodoncia, cirug\u00eda, peridodoncia e implantolog\u00eda efectuados. En el caso que se haya enviado la historia cl\u00ednica a la obra social para su liquidaci\u00f3n, deber\u00e1 quedar un duplicado de la misma en el establecimiento.<br \/>\n<b>e)<\/b> A todo paciente nuevo, especialmente en ni\u00f1os, antes de inocular anestesia, se deber\u00e1 consultar antecedentes, o realizar la prueba testigo correspondiente. Todo esto se deber\u00e1 asentar en la historia cl\u00ednica.<\/p>\n<p>&nbsp;<\/p>\n<h3>\u00bfQu\u00e9 costo anual tiene el seguro? \u00bfC\u00f3mo es el plan de pagos?<\/h3>\n<p>El costo final del seguro (premio) por profesional es de <b>$660(Seiscientos sesenta pesos)<\/b> y se abona en doce cuotas mensuales y consecutivas de <b>$55 (Cincuenta y cinco pesos)<\/b>, deducibles de la facturaci\u00f3n realizada por la Federaci\u00f3n Odontol\u00f3gica. En caso de no existir fondos para la deducci\u00f3n de la cuota del seguro, el profesional deber\u00e1 concurrir a las oficinas de la Federaci\u00f3n para hacer efectivo el pago que corresponda.<\/p>\n<p>&nbsp;<\/p>\n<h3>Ante cualquier consulta o cometario, comun\u00edquese con:<\/h3>\n<p>Sequeira Broker &#8211; Mediterr\u00e1nea<br \/>\nDean Funes N\u00ba 1234 &#8211; C\u00f3rdoba<br \/>\nAv. Sagrada Familia N\u00ba 1346 &#8211; C\u00f3rdoba<br \/>\n(0351) 4257908 \/ 4283061 \/ 4820220<br \/>\nsequeirabroker@mediterraneaseguros.com.ar.ar<br \/>\nwww.mediterraneaseguros.com.ar<br \/>\nfacebook\/pages\/Mediterranea-Sequeira-Broker-de-Seguros)<\/p>\n<p>&nbsp;<\/p>\n<p>Sucursal C\u00f3rdoba<br \/>\nSan Mart\u00edn 730<br \/>\n(0351) 4285535 \u2013 4285548<br \/>\ncordoba@sancristobalseguros.com.ar<\/p>\n<p>&nbsp;<\/p>\n<p>La p\u00f3liza 11-1026831-5 ha sigo emitida bajo la condici\u00f3n de que el acto odontol\u00f3gico del que deriva la responsabilidad del Profesional adherente haya sido practicado durante la vigencia del seguro o desde su fecha de retroactividad, y que a su vez, el da\u00f1o y el reclamo sean denunciados dentro del periodo de cobertura, renovaci\u00f3n o durante el periodo de extensi\u00f3n de denuncias. Lea detenidamente el texto de este extracto de Condiciones Particulares y Generales, y en particular, las cl\u00e1usulas de Anexo 82, (Cobertura Base Reclamo), Cl\u00e1usula 2 (Riesgo Cubierto) Cl\u00e1usula 3 (Exclusiones a la Cobertura), Cl\u00e1usula 12 (Renovaci\u00f3n del contrato), Cl\u00e1usula 13 (Extensi\u00f3n del periodo de denuncias), porque ellas determinaran el alcance de su cobertura.<br \/>\nSi el texto de esta p\u00f3liza difiere del contenido de la propuesta, la diferencia se considerara aprobada por el asegurado si no reclama dentro de un mes de haber recibido la p\u00f3liza (Art. 12 de la ley de Seguros 17.418).[\/vc_column_text][\/vc_column][vc_column width=\u00bb1\/6&#8243; offset=\u00bbvc_hidden-sm vc_hidden-xs\u00bb][vc_single_image image=\u00bb343&#8243; border_color=\u00bbgrey\u00bb img_link_target=\u00bb_self\u00bb img_size=\u00bb50&#215;2000&#8243; alignment=\u00bbright\u00bb][\/vc_column][\/vc_row][vc_row][vc_column width=\u00bb1\/1&#8243;][vc_empty_space height=\u00bb50px\u00bb][\/vc_column][\/vc_row]<\/p>\n","protected":false},"excerpt":{"rendered":"<p>[vc_row row_type=\u00bbrow\u00bb use_row_as_full_screen_section=\u00bbno\u00bb type=\u00bbfull_width\u00bb text_align=\u00bbleft\u00bb background_image_as_pattern=\u00bbwithout_pattern\u00bb][vc_column width=\u00bb5\/6&#8243;][vc_column_text] Federaci\u00f3n Odontol\u00f3gica Preguntas frecuentes [\/vc_column_text][vc_separator type=\u00bbnormal\u00bb position=\u00bbcenter\u00bb down=\u00bb30&#8243;][vc_column_text]El n\u00famero de la p\u00f3liza a trav\u00e9s de la cu\u00e1l Usted se encuentra protegido es la 11-1026831-5. Ag\u00e9ndelo, ya que con este dato podr\u00e1 realizar las gestiones necesarias en caso de&#8230;<\/p>\n","protected":false},"author":2,"featured_media":0,"parent":0,"menu_order":0,"comment_status":"closed","ping_status":"closed","template":"","meta":{"footnotes":""},"_links":{"self":[{"href":"http:\/\/mediterraneaseguros.com.ar\/site\/wp-json\/wp\/v2\/pages\/254"}],"collection":[{"href":"http:\/\/mediterraneaseguros.com.ar\/site\/wp-json\/wp\/v2\/pages"}],"about":[{"href":"http:\/\/mediterraneaseguros.com.ar\/site\/wp-json\/wp\/v2\/types\/page"}],"author":[{"embeddable":true,"href":"http:\/\/mediterraneaseguros.com.ar\/site\/wp-json\/wp\/v2\/users\/2"}],"replies":[{"embeddable":true,"href":"http:\/\/mediterraneaseguros.com.ar\/site\/wp-json\/wp\/v2\/comments?post=254"}],"version-history":[{"count":41,"href":"http:\/\/mediterraneaseguros.com.ar\/site\/wp-json\/wp\/v2\/pages\/254\/revisions"}],"predecessor-version":[{"id":745,"href":"http:\/\/mediterraneaseguros.com.ar\/site\/wp-json\/wp\/v2\/pages\/254\/revisions\/745"}],"wp:attachment":[{"href":"http:\/\/mediterraneaseguros.com.ar\/site\/wp-json\/wp\/v2\/media?parent=254"}],"curies":[{"name":"wp","href":"https:\/\/api.w.org\/{rel}","templated":true}]}}