{"id":10,"date":"2015-11-19T13:42:00","date_gmt":"2015-11-19T13:42:00","guid":{"rendered":"http:\/\/mediterraneaseguros.com.ar\/site\/?page_id=10"},"modified":"2016-02-17T18:05:21","modified_gmt":"2016-02-17T18:05:21","slug":"clientes","status":"publish","type":"page","link":"http:\/\/mediterraneaseguros.com.ar\/site\/clientes\/","title":{"rendered":"Clientes"},"content":{"rendered":"<p>[vc_row row_type=\u00bbrow\u00bb use_row_as_full_screen_section=\u00bbno\u00bb type=\u00bbfull_width\u00bb text_align=\u00bbleft\u00bb background_image_as_pattern=\u00bbwithout_pattern\u00bb][vc_column width=\u00bb5\/6&#8243;][vc_empty_space height=\u00bb10px\u00bb][vc_column_text]<\/p>\n<h4><b>\u00abHacer las cosas Bien\u00bb,<\/b> en esta premisa se basa nuestra pol\u00edtica comercial y es adem\u00e1s el factor decisivo de nuestro \u00e9xito que est\u00e1 avalado por nuestra cartera de Clientes. Algunos de ellos son:<\/h4>\n<p>[\/vc_column_text][vc_empty_space height=\u00bb52px\u00bb][vc_column_text]BANCO GALICIA S.A<br \/>\n<img loading=\"lazy\" decoding=\"async\" src=\"http:\/\/www.mediterraneaseguros.com.ar\/images\/linea-01.jpg\" alt=\"\" width=\"613\" height=\"6\" \/><br \/>\nCOLEGIO DE INGENIEROS DE LA PROVINCIA DE C\u00d3RDOBA<br \/>\n<img loading=\"lazy\" decoding=\"async\" src=\"http:\/\/www.mediterraneaseguros.com.ar\/images\/linea-01.jpg\" alt=\"\" width=\"613\" height=\"6\" \/><br \/>\nMUNICIPALIDAD DE ALTA GRACIA<br \/>\n<img loading=\"lazy\" decoding=\"async\" src=\"http:\/\/www.mediterraneaseguros.com.ar\/images\/linea-01.jpg\" alt=\"\" width=\"613\" height=\"6\" \/><br \/>\nCOOP. EL\u00c9CTRICA Y SERVICIOS PUBLICOS DE COSTA SACATE LTDA.<br \/>\n<img loading=\"lazy\" decoding=\"async\" src=\"http:\/\/www.mediterraneaseguros.com.ar\/images\/linea-01.jpg\" alt=\"\" width=\"613\" height=\"6\" \/><br \/>\nFUERZA A\u00c9REA ARGENTINA<br \/>\n<img loading=\"lazy\" decoding=\"async\" src=\"http:\/\/www.mediterraneaseguros.com.ar\/images\/linea-01.jpg\" alt=\"\" width=\"613\" height=\"6\" \/><br \/>\nDULCOR S.A.<br \/>\n<img loading=\"lazy\" decoding=\"async\" src=\"http:\/\/www.mediterraneaseguros.com.ar\/images\/linea-01.jpg\" alt=\"\" width=\"613\" height=\"6\" \/><br \/>\nPANIFICADORA VENEZIANA S.A.<br \/>\n<img loading=\"lazy\" decoding=\"async\" src=\"http:\/\/www.mediterraneaseguros.com.ar\/images\/linea-01.jpg\" alt=\"\" width=\"613\" height=\"6\" \/><br \/>\nCUEROS CATAMARCA S.A.<br \/>\n<img loading=\"lazy\" decoding=\"async\" src=\"http:\/\/www.mediterraneaseguros.com.ar\/images\/linea-01.jpg\" alt=\"\" width=\"613\" height=\"6\" \/><br \/>\nVANOLLI S.A.<br \/>\n<img loading=\"lazy\" decoding=\"async\" src=\"http:\/\/www.mediterraneaseguros.com.ar\/images\/linea-01.jpg\" alt=\"\" width=\"613\" height=\"6\" \/><br \/>\nJOSE LLENES S.A.C.I.F.<br \/>\n<img loading=\"lazy\" decoding=\"async\" src=\"http:\/\/www.mediterraneaseguros.com.ar\/images\/linea-01.jpg\" alt=\"\" width=\"613\" height=\"6\" \/><br \/>\nANGIOR S.A.<br \/>\n<img loading=\"lazy\" decoding=\"async\" src=\"http:\/\/www.mediterraneaseguros.com.ar\/images\/linea-01.jpg\" alt=\"\" width=\"613\" height=\"6\" \/><br \/>\nSOLUCIONES GR\u00c1FICAS S.A.<br \/>\n<img loading=\"lazy\" decoding=\"async\" src=\"http:\/\/www.mediterraneaseguros.com.ar\/images\/linea-01.jpg\" alt=\"\" width=\"613\" height=\"6\" \/><br \/>\nFONDO FIDUCIARIO DE INVERSIONES<br \/>\n<img loading=\"lazy\" decoding=\"async\" src=\"http:\/\/www.mediterraneaseguros.com.ar\/images\/linea-01.jpg\" alt=\"\" width=\"613\" height=\"6\" \/><br \/>\nMUNICIPALIDAD DE NONO<br \/>\n<img loading=\"lazy\" decoding=\"async\" src=\"http:\/\/www.mediterraneaseguros.com.ar\/images\/linea-01.jpg\" alt=\"\" width=\"613\" height=\"6\" \/><br \/>\nMUNICIPALIDAD DE UQUILLO<br \/>\n<img loading=\"lazy\" decoding=\"async\" src=\"http:\/\/www.mediterraneaseguros.com.ar\/images\/linea-01.jpg\" alt=\"\" width=\"613\" height=\"6\" \/><br \/>\nMUNICIPALIDAD DE SALSIPUEDES<br \/>\n<img loading=\"lazy\" decoding=\"async\" src=\"http:\/\/www.mediterraneaseguros.com.ar\/images\/linea-01.jpg\" alt=\"\" width=\"613\" height=\"6\" \/><br \/>\nCOMUNA LA POBLACI\u00d3N<br \/>\n<img loading=\"lazy\" decoding=\"async\" src=\"http:\/\/www.mediterraneaseguros.com.ar\/images\/linea-01.jpg\" alt=\"\" width=\"613\" height=\"6\" \/><br \/>\nUNIVERSIDAD NACIONAL DE C\u00d3RDOBA<br \/>\n<img loading=\"lazy\" decoding=\"async\" src=\"http:\/\/www.mediterraneaseguros.com.ar\/images\/linea-01.jpg\" alt=\"\" width=\"613\" height=\"6\" \/><br \/>\nFEDERACI\u00d3N ODONTOL\u00d3GICA DE LA PROVINCIA DE C\u00d3RDOBA<br \/>\n<img loading=\"lazy\" decoding=\"async\" src=\"http:\/\/www.mediterraneaseguros.com.ar\/images\/linea-01.jpg\" alt=\"\" width=\"613\" height=\"6\" \/><br \/>\nCOLEGIO DE PSIC\u00d3LOGOS DE LA PROVINCIA DE C\u00d3RDOBA<br \/>\n<img loading=\"lazy\" decoding=\"async\" src=\"http:\/\/www.mediterraneaseguros.com.ar\/images\/linea-01.jpg\" alt=\"\" width=\"613\" height=\"6\" \/><br \/>\nC\u00cdRCULO DE ODONT\u00d3LOGOS DE LA PROVINCIA DE C\u00d3RDOBA<br \/>\n<img loading=\"lazy\" decoding=\"async\" src=\"http:\/\/www.mediterraneaseguros.com.ar\/images\/linea-01.jpg\" alt=\"\" width=\"613\" height=\"6\" \/><br \/>\nCOLEGIO DE ODONT\u00d3LOGOS DE LA PROVINCIA DE C\u00d3RDOBA<br \/>\n<img loading=\"lazy\" decoding=\"async\" src=\"http:\/\/www.mediterraneaseguros.com.ar\/images\/linea-01.jpg\" alt=\"\" width=\"613\" height=\"6\" \/><br \/>\nCAJA DE PROFESIONALES DE LA SALUD DE LA PROVINCIA DE C\u00d3RDOBA<br \/>\n<img loading=\"lazy\" decoding=\"async\" src=\"http:\/\/www.mediterraneaseguros.com.ar\/images\/linea-01.jpg\" alt=\"\" width=\"613\" height=\"6\" \/><br \/>\nCOLEGIO DE ARQUITECTOS DE LA PROVINCIA DE C\u00d3RDOBA<br \/>\n<img loading=\"lazy\" decoding=\"async\" src=\"http:\/\/www.mediterraneaseguros.com.ar\/images\/linea-01.jpg\" alt=\"\" width=\"613\" height=\"6\" \/><br \/>\nCOLEGIO PROFESIONAL DE CORREDORES P\u00daBLICOS E INMOBILIARIOS<br \/>\n<img loading=\"lazy\" decoding=\"async\" src=\"http:\/\/www.mediterraneaseguros.com.ar\/images\/linea-01.jpg\" alt=\"\" width=\"613\" height=\"6\" \/><br \/>\nCOMPA\u00d1\u00cdA LOG\u00cdSTICA DEL NORTE S.A.<br \/>\n<img loading=\"lazy\" decoding=\"async\" src=\"http:\/\/www.mediterraneaseguros.com.ar\/images\/linea-01.jpg\" alt=\"\" width=\"613\" height=\"6\" \/><br \/>\nCOLEGIO DE AGRIMENSORES DE LA PROVINCIA DE C\u00d3RDOBA<br \/>\n<img loading=\"lazy\" decoding=\"async\" src=\"http:\/\/www.mediterraneaseguros.com.ar\/images\/linea-01.jpg\" alt=\"\" width=\"613\" height=\"6\" \/>[\/vc_column_text][\/vc_column][vc_column width=\u00bb1\/6&#8243; offset=\u00bbvc_hidden-sm vc_hidden-xs\u00bb][vc_single_image image=\u00bb343&#8243; border_color=\u00bbgrey\u00bb img_link_target=\u00bb_self\u00bb img_size=\u00bb50&#215;2000&#8243; alignment=\u00bbright\u00bb][\/vc_column][\/vc_row][vc_row][vc_column width=\u00bb1\/1&#8243;][vc_empty_space height=\u00bb50px\u00bb][\/vc_column][\/vc_row][vc_column width=\u00bb1\/6&#8243; offset=\u00bbvc_hidden-sm vc_hidden-xs\u00bb][vc_column_text]<br \/>\n[\/vc_column_text][\/vc_column]<\/p>\n","protected":false},"excerpt":{"rendered":"<p>[vc_row row_type=\u00bbrow\u00bb use_row_as_full_screen_section=\u00bbno\u00bb type=\u00bbfull_width\u00bb text_align=\u00bbleft\u00bb background_image_as_pattern=\u00bbwithout_pattern\u00bb][vc_column width=\u00bb5\/6&#8243;][vc_empty_space height=\u00bb10px\u00bb][vc_column_text] \u00abHacer las cosas Bien\u00bb, en esta premisa se basa nuestra pol\u00edtica comercial y es adem\u00e1s el factor decisivo de nuestro \u00e9xito que est\u00e1 avalado por nuestra cartera de Clientes. Algunos de ellos son: [\/vc_column_text][vc_empty_space height=\u00bb52px\u00bb][vc_column_text]BANCO GALICIA S.A&#8230;<\/p>\n","protected":false},"author":2,"featured_media":0,"parent":0,"menu_order":0,"comment_status":"closed","ping_status":"closed","template":"","meta":{"footnotes":""},"_links":{"self":[{"href":"http:\/\/mediterraneaseguros.com.ar\/site\/wp-json\/wp\/v2\/pages\/10"}],"collection":[{"href":"http:\/\/mediterraneaseguros.com.ar\/site\/wp-json\/wp\/v2\/pages"}],"about":[{"href":"http:\/\/mediterraneaseguros.com.ar\/site\/wp-json\/wp\/v2\/types\/page"}],"author":[{"embeddable":true,"href":"http:\/\/mediterraneaseguros.com.ar\/site\/wp-json\/wp\/v2\/users\/2"}],"replies":[{"embeddable":true,"href":"http:\/\/mediterraneaseguros.com.ar\/site\/wp-json\/wp\/v2\/comments?post=10"}],"version-history":[{"count":5,"href":"http:\/\/mediterraneaseguros.com.ar\/site\/wp-json\/wp\/v2\/pages\/10\/revisions"}],"predecessor-version":[{"id":575,"href":"http:\/\/mediterraneaseguros.com.ar\/site\/wp-json\/wp\/v2\/pages\/10\/revisions\/575"}],"wp:attachment":[{"href":"http:\/\/mediterraneaseguros.com.ar\/site\/wp-json\/wp\/v2\/media?parent=10"}],"curies":[{"name":"wp","href":"https:\/\/api.w.org\/{rel}","templated":true}]}}